{"id":18225,"date":"2025-11-17T11:17:16","date_gmt":"2025-11-17T10:17:16","guid":{"rendered":"https:\/\/www.sublimen.com\/store\/?post_type=product&#038;p=18225"},"modified":"2025-11-22T12:01:53","modified_gmt":"2025-11-22T11:01:53","slug":"audioterapia-at01-libro","status":"publish","type":"product","link":"https:\/\/www.sublimen.com\/store\/art\/audioterapia-at01-libro\/","title":{"rendered":"AudioTerapia AT01 &#8211; MetaMusica e Psico Neuro Acustica &#8211; Libro"},"content":{"rendered":"<p><strong>AudioTerapia AT01 &#8211; MetaMusica e PsicoNeuroAcustica<\/strong><\/p>\n<p>con una visione olistica ed evolutiva<\/p>\n<p>Potere e uso della vibrazione e dell\u2019induzione sonora subliminale positiva<\/p>\n<p>&nbsp;<\/p>\n<p>Codice articolo: AT01<\/p>\n<p><strong>Prezzo al pubblico versione elettronica PDF: Eur. 18,90 <\/strong>(solo da questo sito)<\/p>\n<p><strong><span style=\"color: #800000;\">Prezzo al pubblico versione cartacea: Eur. 39,00 <\/span><\/strong><span style=\"color: #800000;\"><span class=\"rvts8\">(<\/span><\/span><span style=\"color: #800000;\"><span class=\"rvts80\">vedi sotto gli Store esclusivi di acquisto<\/span><span class=\"rvts8\">)<\/span><\/span><\/p>\n<p>&nbsp;<\/p>\n<p>In questo libro ci occupiamo, prevalentemente, delle moderne tecniche e tecnologie soniche audioterapiche, integrate alle pi\u00f9 moderne ed efficaci metodologie induttive in sinergia con la psiconeuroacustica pi\u00f9 avanzata e con le ancestrali conoscenze vediche ed esoteriche in materia.<\/p>\n<p>Per Audioterapia intendiamo quella disciplina olistica che utilizza un qualsiasi tipo di sonorit\u00e0 del campo audio grossolano, sottile e causale (suoni, rumori, noise, musica, metamusica, voce, strumenti musicali, vibrazioni ecc.) e un qualsiasi tipo di struttura sonora (convenzionale, naturale, frattale, metafisica ecc.) per scopi terapeutici ed evolutivi: il ristabilimento, il mantenimento e il miglioramento della salute mentale, fisica, energetica e spirituale.<\/p>\n<p>L\u2019obiettivo non \u00e8 solo quello di alleviare e curare disturbi, disagi e patologie, ma anche quello di stimolare e sviluppare le facolt\u00e0 superiori latenti e di conseguenza espandere ed elevare la coscienza per trasformarla da uno stadio ordinario ad uno stadio pi\u00f9 evoluto di consapevolezza denominato \u201csupercoscienza\u201d o inconscio superiore\u2026<\/p>\n<p>Il ricavato dalla vendita di questo volume sar\u00e0 devoluto in parte ad alcune associazioni no-profit in sintonia indicate sul nostro sito ed in parte sar\u00e0 utilizzato per autofinanziare gli strumenti e le attrezzature necessarie alla nostra sperimentazione e ricerca.<\/p>\n<div>\u00a0<\/div>\n<p><span class=\"rvts8\">Prima edizione: 11\/2025 &#8211; Pagine 526<\/span><\/p>\n<p>La prima edizione \u00a0(11\/2025) \u00e8 la pi\u00f9 recente e completa ed \u00e8 integrata con tutte le ultime novit\u00e0, aggiornamenti e tabelle di riferimento.<\/p>\n<div>\u00a0<\/div>\n<p>La prima edizione in <span style=\"color: #800000;\">versione<strong> cartacea<\/strong><\/span> \u00e8\u00a0<span class=\"rvts72\">acquistabile dai seguenti siti:<\/span><\/p>\n<a href=\"https:\/\/www.amazon.it\/dp\/B0G3B51WC5\" id=\"kadbtn38\" target=\"_blank\" class=\"kad-btn btn-shortcode kad-btn-primary  \" style=\" border: 0 solid; border-color:#000;  color:#ffffff;\" onMouseOver=\"this.style.color=&#039;#ffffff&#039;\" onMouseOut=\"this.style.color=&#039;#ffffff&#039;\" rel=\"noopener\"><strong>Amazon<\/strong> cartacea <i class='icon-amazon'><\/i><\/a>\n<a href=\"https:\/\/www.lulu.com\/it\/search?contributor=Marco+Stefanelli\" id=\"kadbtn85\" target=\"_blank\" class=\"kad-btn btn-shortcode kad-btn-primary  \" style=\" border: 0 solid; border-color:#000;  color:#ffffff;\" onMouseOver=\"this.style.color=&#039;#ffffff&#039;\" onMouseOut=\"this.style.color=&#039;#ffffff&#039;\" rel=\"noopener\"><strong>Lulu<\/strong> cartacea <i class='icon-cart3'><\/i><\/a>\n<div>\u00a0<\/div>\n<p><span style=\"color: #800000;\">Versione\u00a0<strong>Kindle <\/strong><\/span>by Amazon:<\/p>\n<a href=\"https:\/\/www.amazon.it\/dp\/B0G39JN2R6\" id=\"kadbtn85\" target=\"_blank\" class=\"kad-btn btn-shortcode kad-btn-primary  \" style=\" border: 0 solid; border-color:#000;  color:#ffffff;\" onMouseOver=\"this.style.color=&#039;#ffffff&#039;\" onMouseOut=\"this.style.color=&#039;#ffffff&#039;\" rel=\"noopener\"><strong>Amazon<\/strong> Kindle <i class='icon-amazon'><\/i><\/a>\n<div>\u00a0<\/div>\n<div class=\"rvps0\">La <span style=\"color: #800000;\">versione elettronica<\/span>\u00a0<span style=\"color: #800000;\"><strong>PDF\u00a0<\/strong><\/span>\u00e8\u00a0<span class=\"rvts72\">acquistabile e scaricabile solo da questo sito e <\/span><span class=\"rvts72\"><a href=\"http:\/\/store.audioterapia.net\" target=\"_blank\" rel=\"noopener noreferrer\">Store<\/a>\u00a0<\/span><span class=\"rvts72\">by AmadeuX MultiMedia<\/span>.<\/div>\n<div class=\"rvps0\">\n<p>La versione elettronica in formato universale PDF \u00e8 visualizzabile su qualsiasi computer, tablet, smartphone e dispositivo mobile.<\/p>\n<\/div>\n<div>\u00a0<\/div>\n<p>Codice <strong>ISBN<\/strong>: 9798275462043<\/p>\n<div>\u00a0<\/div>\n<p><strong>Sommario:<\/strong><\/p>\n<p>Sommario &#8230;&#8230;&#8230;&#8230;&#8230;&#8230;&#8230;&#8230;&#8230;&#8230;&#8230;&#8230;&#8230;&#8230;&#8230;&#8230;&#8230;&#8230;&#8230;&#8230;&#8230;&#8230;&#8230;&#8230;&#8230;&#8230;&#8230;&#8230;&#8230;&#8230;.. 15<br \/>\nPremessa &#8230;&#8230;&#8230;&#8230;&#8230;&#8230;&#8230;&#8230;&#8230;&#8230;&#8230;&#8230;&#8230;&#8230;&#8230;&#8230;&#8230;&#8230;&#8230;&#8230;&#8230;&#8230;&#8230;&#8230;&#8230;&#8230;&#8230;&#8230;&#8230;&#8230;&#8230;. 19<br \/>\nPresentazione e Introduzione &#8230;&#8230;&#8230;&#8230;&#8230;&#8230;&#8230;&#8230;&#8230;&#8230;&#8230;&#8230;&#8230;&#8230;&#8230;&#8230;&#8230;&#8230;&#8230;.. 25<br \/>\nAspetti terapeutici del suono e della musica &#8230;&#8230;&#8230;&#8230;&#8230;&#8230;&#8230;&#8230;&#8230;&#8230;&#8230;. 31<br \/>\nLa Musicoterapia &#8230;&#8230;&#8230;&#8230;&#8230;&#8230;&#8230;&#8230;&#8230;&#8230;&#8230;&#8230;&#8230;&#8230;&#8230;&#8230;&#8230;&#8230;&#8230;&#8230;&#8230;&#8230;&#8230;&#8230;&#8230;&#8230;.. 37<br \/>\nDefinizioni di musicoterapia &#8230;&#8230;&#8230;&#8230;&#8230;&#8230;&#8230;&#8230;&#8230;&#8230;&#8230;&#8230;&#8230;&#8230;&#8230;&#8230;&#8230;&#8230;&#8230;. 39<br \/>\nAudioterapia e Suonoterapia &#8230;&#8230;&#8230;&#8230;&#8230;&#8230;&#8230;&#8230;&#8230;&#8230;&#8230;&#8230;&#8230;&#8230;&#8230;&#8230;&#8230;&#8230;&#8230;. 41<br \/>\nProspettiva storica &#8230;&#8230;&#8230;&#8230;&#8230;&#8230;&#8230;&#8230;&#8230;&#8230;&#8230;&#8230;&#8230;&#8230;&#8230;&#8230;&#8230;&#8230;&#8230;&#8230;&#8230;&#8230;&#8230;&#8230;&#8230; 43<br \/>\nConcetti creatori &#8230;&#8230;&#8230;&#8230;&#8230;&#8230;&#8230;&#8230;&#8230;&#8230;&#8230;&#8230;&#8230;&#8230;&#8230;&#8230;&#8230;&#8230;&#8230;&#8230;&#8230;&#8230;&#8230;&#8230;&#8230;&#8230; 45<br \/>\nCosa \u00e8 la Musicoterapia &#8230;&#8230;&#8230;&#8230;&#8230;&#8230;&#8230;&#8230;&#8230;&#8230;&#8230;&#8230;&#8230;&#8230;&#8230;&#8230;&#8230;&#8230;&#8230;&#8230;&#8230;&#8230; 47<br \/>\nL\u2019ascolto musicale terapeutico &#8230;&#8230;&#8230;&#8230;&#8230;&#8230;&#8230;&#8230;&#8230;&#8230;&#8230;&#8230;&#8230;&#8230;&#8230;&#8230;&#8230;&#8230;. 49<br \/>\nMusicoterapia: Nascita, Cuore e Cervello &#8230;&#8230;&#8230;&#8230;&#8230;&#8230;&#8230;&#8230;&#8230;&#8230;&#8230;&#8230;&#8230; 51<br \/>\nLa legge naturale dell\u2019Ottava Cosmica &#8230;&#8230;&#8230;&#8230;&#8230;&#8230;&#8230;&#8230;&#8230;&#8230;&#8230;&#8230;&#8230;&#8230;.. 57<br \/>\nNozioni di acustica psicofisica e PsicoNeuroAcustica &#8230;&#8230;&#8230;&#8230;&#8230;.. 61<br \/>\nIntroduzione &#8230;&#8230;&#8230;&#8230;&#8230;&#8230;&#8230;&#8230;&#8230;&#8230;&#8230;&#8230;&#8230;&#8230;&#8230;&#8230;&#8230;&#8230;&#8230;&#8230;&#8230;&#8230;&#8230;&#8230;&#8230;&#8230;&#8230;&#8230;. 61<br \/>\nAltezza, Timbro e Intensit\u00e0 &#8230;&#8230;&#8230;&#8230;&#8230;&#8230;&#8230;&#8230;&#8230;&#8230;&#8230;&#8230;&#8230;&#8230;&#8230;&#8230;&#8230;&#8230;&#8230;&#8230; 67<br \/>\nLa percezione del suono &#8230;&#8230;&#8230;&#8230;&#8230;&#8230;&#8230;&#8230;&#8230;&#8230;&#8230;&#8230;&#8230;&#8230;&#8230;&#8230;&#8230;&#8230;&#8230;&#8230;&#8230;.. 69<br \/>\nPercezione di frequenze diverse &#8230;&#8230;&#8230;&#8230;&#8230;&#8230;&#8230;&#8230;&#8230;&#8230;&#8230;&#8230;&#8230;&#8230;&#8230;&#8230;&#8230;. 70<br \/>\nLa sensazione uditiva &#8230;&#8230;&#8230;&#8230;&#8230;&#8230;&#8230;&#8230;&#8230;&#8230;&#8230;&#8230;&#8230;&#8230;&#8230;&#8230;&#8230;&#8230;&#8230;&#8230;&#8230;&#8230;&#8230;. 75<br \/>\nL\u2019audiogramma normale di Fletcher e Munson &#8230;&#8230;&#8230;&#8230;&#8230;&#8230;&#8230;&#8230;.. 75<br \/>\nCampo uditivo e curve isofoniche &#8230;&#8230;&#8230;&#8230;&#8230;&#8230;&#8230;&#8230;&#8230;&#8230;&#8230;&#8230;&#8230;&#8230;&#8230;&#8230; 77<br \/>\nGenerazione del suono &#8230;&#8230;&#8230;&#8230;&#8230;&#8230;&#8230;&#8230;&#8230;&#8230;&#8230;&#8230;&#8230;&#8230;&#8230;&#8230;&#8230;&#8230;&#8230;&#8230;&#8230;&#8230;. 79<br \/>\nScale musicali e note&#8230;&#8230;&#8230;&#8230;&#8230;&#8230;&#8230;&#8230;&#8230;&#8230;&#8230;&#8230;&#8230;&#8230;&#8230;&#8230;&#8230;&#8230;&#8230;&#8230;&#8230;&#8230;&#8230;&#8230; 83<br \/>\nScala naturale o cromatica &#8230;&#8230;&#8230;&#8230;&#8230;&#8230;&#8230;&#8230;&#8230;&#8230;&#8230;&#8230;&#8230;&#8230;&#8230;&#8230;&#8230;&#8230;&#8230;&#8230;.. 83<br \/>\nIl diapason \u201cnaturale\u201d &#8230;&#8230;&#8230;&#8230;&#8230;&#8230;&#8230;&#8230;&#8230;&#8230;&#8230;&#8230;&#8230;&#8230;&#8230;&#8230;&#8230;&#8230;&#8230;&#8230;&#8230;&#8230;&#8230; 85<br \/>\nsuono e psicoacustica &#8230;&#8230;&#8230;&#8230;&#8230;&#8230;&#8230;&#8230;&#8230;&#8230;&#8230;&#8230;&#8230;&#8230;&#8230;&#8230;&#8230;&#8230;&#8230;&#8230;&#8230;&#8230;&#8230;. 85<br \/>\nPsiconeuroacustica &#8230;&#8230;&#8230;&#8230;&#8230;&#8230;&#8230;&#8230;&#8230;&#8230;&#8230;&#8230;&#8230;&#8230;&#8230;&#8230;&#8230;&#8230;&#8230;&#8230;&#8230;&#8230;&#8230;&#8230;.. 88<br \/>\nL\u2019orecchio come analizzatore critico sonoro &#8230;&#8230;&#8230;&#8230;&#8230;&#8230;&#8230;&#8230;&#8230;&#8230;&#8230; 93<br \/>\nMusica con Intonazione e Accordatura a 432 Hz &#8230;&#8230;&#8230;&#8230;&#8230;&#8230;&#8230;.. 103<br \/>\nIntervalli e Musica &#8230;&#8230;&#8230;&#8230;&#8230;&#8230;&#8230;&#8230;&#8230;&#8230;&#8230;&#8230;&#8230;&#8230;&#8230;&#8230;&#8230;&#8230;&#8230;&#8230;&#8230;&#8230;&#8230;&#8230;. 108<br \/>\nAccordatura e intonazione Aurea scientifica &#8230;&#8230;&#8230;&#8230;&#8230;&#8230;&#8230;&#8230;&#8230;.. 114<br \/>\nIl Nautilus e la \u201cMUSICA DELLE SFERE\u201d &#8230;&#8230;&#8230;&#8230;&#8230;&#8230;&#8230;&#8230;&#8230;. 117<br \/>\nBattimenti, psicoacustica e ingegneria del suono &#8230;&#8230;&#8230;&#8230;&#8230;&#8230;&#8230;&#8230;. 121<br \/>\nL\u2019orecchio umano &#8230;&#8230;&#8230;&#8230;&#8230;&#8230;&#8230;&#8230;&#8230;&#8230;&#8230;&#8230;&#8230;&#8230;&#8230;&#8230;&#8230;&#8230;&#8230;&#8230;&#8230;&#8230;&#8230;&#8230;.. 121<br \/>\nPercezione del suono da parte del cervello &#8230;&#8230;&#8230;&#8230;&#8230;&#8230;&#8230;&#8230;&#8230;&#8230;.. 124<br \/>\nCurve isofoniche &#8230;&#8230;&#8230;&#8230;&#8230;&#8230;&#8230;&#8230;&#8230;&#8230;&#8230;&#8230;&#8230;&#8230;&#8230;&#8230;&#8230;&#8230;&#8230;&#8230;&#8230;&#8230;&#8230;&#8230;&#8230;. 127<br \/>\nPsiconeuroacustica &#8230;&#8230;&#8230;&#8230;&#8230;&#8230;&#8230;&#8230;&#8230;&#8230;&#8230;&#8230;&#8230;&#8230;&#8230;&#8230;&#8230;&#8230;&#8230;&#8230;&#8230;&#8230;&#8230;&#8230;. 130<br \/>\nFusione binaurale &#8230;&#8230;&#8230;&#8230;&#8230;&#8230;&#8230;&#8230;&#8230;&#8230;&#8230;&#8230;&#8230;&#8230;&#8230;&#8230;&#8230;&#8230;&#8230;&#8230;&#8230;&#8230;&#8230;&#8230;&#8230; 132<br \/>\nGuida alla Comprensione dei Decibel (dB) &#8230;&#8230;&#8230;&#8230;&#8230;&#8230;&#8230;&#8230;&#8230;&#8230;. 138<br \/>\nAudio BrainWave Entrainment (ABE\/BWE) History &#8230;&#8230;&#8230;&#8230;&#8230; 143<br \/>\nTecniche e Metodi Audio BrainWaves Entrainment&#8230;&#8230;&#8230;&#8230;&#8230;. 148<br \/>\nBattimenti Psicoacustici e Induzioni cerebrali &#8230;&#8230;&#8230;&#8230;&#8230;&#8230;&#8230;&#8230;&#8230;&#8230; 155<br \/>\nBattimenti Binaurali e Monoaurali e Stati cerebrali &#8230;&#8230;&#8230;&#8230;&#8230;&#8230;&#8230; 175<br \/>\nCosa sono in pratica le frequenze \u201cBinaural Beats\u201d &#8230;&#8230;&#8230;&#8230;&#8230;.. 183<br \/>\nOnde cerebrali, Risonanza e Chakra &#8230;&#8230;&#8230;&#8230;&#8230;&#8230;&#8230;&#8230;&#8230;&#8230;&#8230;&#8230;&#8230;&#8230;&#8230;. 187<br \/>\nIl fenomeno della risonanza &#8230;&#8230;&#8230;&#8230;&#8230;&#8230;&#8230;&#8230;&#8230;&#8230;&#8230;&#8230;&#8230;&#8230;&#8230;&#8230;&#8230;&#8230;&#8230; 189<br \/>\nI due emisferi cerebrali &#8230;&#8230;&#8230;&#8230;&#8230;&#8230;&#8230;&#8230;&#8230;&#8230;&#8230;&#8230;&#8230;&#8230;&#8230;&#8230;&#8230;&#8230;&#8230;&#8230;&#8230;&#8230; 190<br \/>\nRisonanza costruttiva e Chakra&#8230;&#8230;&#8230;&#8230;&#8230;&#8230;&#8230;&#8230;&#8230;&#8230;&#8230;&#8230;&#8230;&#8230;&#8230;&#8230;&#8230;. 192<br \/>\nCakra, Chakra o Chakras &#8230;&#8230;&#8230;&#8230;&#8230;&#8230;&#8230;&#8230;&#8230;&#8230;&#8230;&#8230;&#8230;&#8230;&#8230;&#8230;&#8230;&#8230;&#8230;&#8230;.. 195<br \/>\nDomande e risposte sui Chakra &#8230;&#8230;&#8230;&#8230;&#8230;&#8230;&#8230;&#8230;&#8230;&#8230;&#8230;&#8230;&#8230;&#8230;&#8230;&#8230;&#8230; 206<br \/>\nI 7 Chakras principali &#8230;&#8230;&#8230;&#8230;&#8230;&#8230;&#8230;&#8230;&#8230;&#8230;&#8230;&#8230;&#8230;&#8230;&#8230;&#8230;&#8230;&#8230;&#8230;&#8230;&#8230;&#8230;.. 209<br \/>\nLa cimatica di Chaldni e Jenny &#8230;&#8230;&#8230;&#8230;&#8230;&#8230;&#8230;&#8230;&#8230;&#8230;&#8230;&#8230;&#8230;&#8230;&#8230;&#8230;&#8230;.. 223<br \/>\nLe vibrazioni del Creato &#8230;&#8230;&#8230;&#8230;&#8230;&#8230;&#8230;&#8230;&#8230;&#8230;&#8230;&#8230;&#8230;&#8230;&#8230;&#8230;&#8230;&#8230;&#8230;&#8230;&#8230;. 228<br \/>\nSoglie di Percezione e processo PsicoFisiologico &#8230;&#8230;&#8230;&#8230;&#8230;&#8230;&#8230;&#8230; 233<br \/>\nLe soglie di percezione di Norman Dixon &#8230;&#8230;&#8230;&#8230;&#8230;&#8230;&#8230;&#8230;&#8230;&#8230;&#8230; 233<br \/>\nLa soglia di percezione cosciente &#8230;&#8230;&#8230;&#8230;&#8230;&#8230;&#8230;&#8230;&#8230;&#8230;&#8230;&#8230;&#8230;&#8230;&#8230;&#8230;. 234<br \/>\nLa soglia assoluta di percezione cosciente &#8230;&#8230;&#8230;&#8230;&#8230;&#8230;&#8230;&#8230;&#8230;&#8230;&#8230;. 234<br \/>\nLa soglia fisiologica &#8230;&#8230;&#8230;&#8230;&#8230;&#8230;&#8230;&#8230;&#8230;&#8230;&#8230;&#8230;&#8230;&#8230;&#8230;&#8230;&#8230;&#8230;&#8230;&#8230;&#8230;&#8230;&#8230;&#8230; 235<br \/>\nPercezione secondo la scienza vedica &#8230;&#8230;&#8230;&#8230;&#8230;&#8230;&#8230;&#8230;&#8230;&#8230;&#8230;&#8230;&#8230;.. 237<br \/>\nLivelli di percezione secondo Yoga Sutra &#8230;&#8230;&#8230;&#8230;&#8230;&#8230;&#8230;&#8230;&#8230;&#8230;&#8230;. 239<br \/>\nProcesso di ascolto fisico-psicologico di McClellan &#8230;&#8230;&#8230;&#8230;&#8230;.. 240<br \/>\nHRM system &#8211; Progetto e Tecnica &#8230;&#8230;&#8230;&#8230;&#8230;&#8230;&#8230;&#8230;&#8230;&#8230;&#8230;&#8230;&#8230;&#8230;&#8230;&#8230;. 241<br \/>\nHarmonic Resonance Modulation\u00a9 &#8230;&#8230;&#8230;&#8230;&#8230;&#8230;&#8230;&#8230;&#8230;&#8230;&#8230;&#8230;&#8230;&#8230;.. 241<br \/>\nIntervalli e Ottave come \u201cmisure\u201d dell\u2019essere umano &#8230;&#8230;&#8230;&#8230;.. 250<br \/>\nRicerca e sperimentazione HRM &#8230;&#8230;&#8230;&#8230;&#8230;&#8230;&#8230;&#8230;&#8230;&#8230;&#8230;&#8230;&#8230;&#8230;&#8230;&#8230;. 255<br \/>\nMusica, Stress e Benessere &#8230;&#8230;&#8230;&#8230;&#8230;&#8230;&#8230;&#8230;&#8230;&#8230;&#8230;&#8230;&#8230;&#8230;&#8230;&#8230;&#8230;&#8230;&#8230;&#8230;.. 267<br \/>\nBenefici del rilassamento e della meditazione &#8230;&#8230;&#8230;&#8230;&#8230;&#8230;&#8230;&#8230;&#8230;&#8230; 273<br \/>\nCosa succede quando ci rilassiamo &#8230;&#8230;&#8230;&#8230;&#8230;&#8230;&#8230;&#8230;&#8230;&#8230;&#8230;&#8230;&#8230;&#8230;&#8230; 273<br \/>\nCosa succede quando meditiamo &#8230;&#8230;&#8230;&#8230;&#8230;&#8230;&#8230;&#8230;&#8230;&#8230;&#8230;&#8230;&#8230;&#8230;&#8230;&#8230; 274<br \/>\nEffetti della Meditazione &#8230;&#8230;&#8230;&#8230;&#8230;&#8230;&#8230;&#8230;&#8230;&#8230;&#8230;&#8230;&#8230;&#8230;&#8230;&#8230;&#8230;&#8230;&#8230;&#8230;.. 276<br \/>\nMusica ed Emozioni &#8230;&#8230;&#8230;&#8230;&#8230;&#8230;&#8230;&#8230;&#8230;&#8230;&#8230;&#8230;&#8230;&#8230;&#8230;&#8230;&#8230;&#8230;&#8230;&#8230;&#8230;&#8230;&#8230;&#8230; 279<br \/>\nPerch\u00e9 ci emozioniamo ascoltando la musica?&#8230;&#8230;&#8230;&#8230;&#8230;&#8230;&#8230;&#8230;.. 284<br \/>\nCome utilizzare le sonorit\u00e0 con Induzioni BWE&#8230;&#8230;&#8230;&#8230;&#8230;&#8230;&#8230;&#8230;. 293<br \/>\nDispositivi di ascolto &#8230;&#8230;&#8230;&#8230;&#8230;&#8230;&#8230;&#8230;&#8230;&#8230;&#8230;&#8230;&#8230;&#8230;&#8230;&#8230;&#8230;&#8230;&#8230;&#8230;&#8230;&#8230;&#8230; 297<br \/>\nAltre tecniche di Induzione Subliminale &#8230;&#8230;&#8230;&#8230;&#8230;&#8230;&#8230;&#8230;&#8230;&#8230;&#8230;&#8230;&#8230; 301<br \/>\nCampane speciali e Toni puri &#8230;&#8230;&#8230;&#8230;&#8230;&#8230;&#8230;&#8230;&#8230;&#8230;&#8230;&#8230;&#8230;&#8230;&#8230;&#8230;&#8230;&#8230;&#8230; 305<br \/>\nAudioterapia con toni puri &#8230;&#8230;&#8230;&#8230;&#8230;&#8230;&#8230;&#8230;&#8230;&#8230;&#8230;&#8230;&#8230;&#8230;&#8230;&#8230;&#8230;&#8230;&#8230;.. 309<br \/>\nNoise (Rumori) ed effetti psicoacustici &#8230;&#8230;&#8230;&#8230;&#8230;&#8230;&#8230;&#8230;&#8230;&#8230;&#8230;&#8230;&#8230;.. 313<br \/>\nI Noise pi\u00f9 comuni con i loro colori &#8230;&#8230;&#8230;&#8230;&#8230;&#8230;&#8230;&#8230;&#8230;&#8230;&#8230;&#8230;&#8230;&#8230; 315<br \/>\nAltri tipi di Noise: &#8230;&#8230;&#8230;&#8230;&#8230;&#8230;&#8230;&#8230;&#8230;&#8230;&#8230;&#8230;&#8230;&#8230;&#8230;&#8230;&#8230;&#8230;&#8230;&#8230;&#8230;&#8230;&#8230;&#8230;.. 319<br \/>\nAncient Grand SOLFEGGIO &#8230;&#8230;&#8230;&#8230;&#8230;&#8230;&#8230;&#8230;&#8230;&#8230;&#8230;&#8230;&#8230;&#8230;&#8230;&#8230;&#8230;&#8230;. 323<br \/>\nNada Yoga, lo yoga del suono e la Tonica personale &#8230;&#8230;&#8230;&#8230;&#8230;.. 337<br \/>\nVoce, Note e Scale delle EMOZIONI &#8230;&#8230;&#8230;&#8230;&#8230;&#8230;&#8230;&#8230;&#8230;&#8230;&#8230;&#8230;.. 341<br \/>\nCos\u2019\u00e8 la NOTA TONICA PERSONALE &#8230;&#8230;&#8230;&#8230;&#8230;&#8230;&#8230;&#8230;&#8230;&#8230;.. 359<br \/>\nASMR effect&#8230;&#8230;&#8230;&#8230;&#8230;&#8230;&#8230;&#8230;&#8230;&#8230;&#8230;&#8230;&#8230;&#8230;&#8230;&#8230;&#8230;&#8230;&#8230;&#8230;&#8230;&#8230;&#8230;&#8230;&#8230;&#8230;&#8230;&#8230;.. 363<br \/>\nCos\u2019\u00e8 l\u2019effetto ASMR &#8230;&#8230;&#8230;&#8230;&#8230;&#8230;&#8230;&#8230;&#8230;&#8230;&#8230;&#8230;&#8230;&#8230;&#8230;&#8230;&#8230;&#8230;&#8230;&#8230;&#8230;&#8230;.. 363<br \/>\nSuono, Voce e Cellule &#8230;&#8230;&#8230;&#8230;&#8230;&#8230;&#8230;&#8230;&#8230;&#8230;&#8230;&#8230;&#8230;&#8230;&#8230;&#8230;&#8230;&#8230;&#8230;&#8230;&#8230;&#8230;&#8230;. 379<br \/>\nIl Potere Terapeutico del Suono &#8230;&#8230;&#8230;&#8230;&#8230;&#8230;&#8230;&#8230;&#8230;&#8230;&#8230;&#8230;&#8230;&#8230;&#8230;&#8230;. 384<br \/>\nGli studi sull\u2019acqua di Masaru Emoto &#8230;&#8230;&#8230;&#8230;&#8230;&#8230;&#8230;&#8230;&#8230;&#8230;&#8230;&#8230;&#8230;&#8230;. 389<br \/>\nIntervista al dott. Masaru Emoto &#8230;&#8230;&#8230;&#8230;&#8230;&#8230;&#8230;&#8230;&#8230;&#8230;&#8230;&#8230;&#8230;&#8230;&#8230;&#8230; 393<br \/>\nLa coscienza dell\u2019acqua di Masaru Emoto &#8230;&#8230;&#8230;&#8230;&#8230;&#8230;&#8230;&#8230;&#8230;&#8230;&#8230; 396<br \/>\nTomatis: canto e orecchio elettronico &#8230;&#8230;&#8230;&#8230;&#8230;&#8230;&#8230;&#8230;&#8230;&#8230;&#8230;&#8230;&#8230;&#8230;. 401<br \/>\nL\u2019orecchio elettronico di Tomatis &#8230;&#8230;&#8230;&#8230;&#8230;&#8230;&#8230;&#8230;&#8230;&#8230;&#8230;&#8230;&#8230;&#8230;&#8230;.. 411<br \/>\nMOZART effect e tecnica effetto SubMozart &#8230;&#8230;&#8230;&#8230;&#8230;&#8230;&#8230;&#8230;&#8230;.. 425<br \/>\nLa musica come abilit\u00e0 cognitiva &#8230;&#8230;&#8230;&#8230;&#8230;&#8230;&#8230;&#8230;&#8230;&#8230;&#8230;&#8230;&#8230;&#8230;&#8230;&#8230;. 425<br \/>\nIl linguaggio musicale &#8230;&#8230;&#8230;&#8230;&#8230;&#8230;&#8230;&#8230;&#8230;&#8230;&#8230;&#8230;&#8230;&#8230;&#8230;&#8230;&#8230;&#8230;&#8230;&#8230;&#8230;&#8230;.. 427<br \/>\nBiologia del pensiero musicale &#8230;&#8230;&#8230;&#8230;&#8230;&#8230;&#8230;&#8230;&#8230;&#8230;&#8230;&#8230;&#8230;&#8230;&#8230;&#8230;&#8230;.. 429<br \/>\nMusica e intelligenza spazio-temporale &#8230;&#8230;&#8230;&#8230;&#8230;&#8230;&#8230;&#8230;&#8230;&#8230;&#8230;&#8230;.. 433<br \/>\nL\u2019Effetto Mozart secondo \u201cParsifal\u201d &#8230;&#8230;&#8230;&#8230;&#8230;&#8230;&#8230;&#8230;&#8230;&#8230;&#8230;&#8230;&#8230;&#8230; 443<br \/>\nL\u2019orecchio elettronico &#8230;&#8230;&#8230;&#8230;&#8230;&#8230;&#8230;&#8230;&#8230;&#8230;&#8230;&#8230;&#8230;&#8230;&#8230;&#8230;&#8230;&#8230;&#8230;&#8230;&#8230;&#8230;. 445<br \/>\nL\u2019Effetto Mozart secondo \u201cL\u2019altra Medicina\u201d &#8230;&#8230;&#8230;&#8230;&#8230;&#8230;&#8230;&#8230;.. 446<br \/>\nRecensioni su Effetto Mozart &#8230;&#8230;&#8230;&#8230;&#8230;&#8230;&#8230;&#8230;&#8230;&#8230;&#8230;&#8230;&#8230;&#8230;&#8230;&#8230;&#8230;&#8230; 453<br \/>\nLa Silent Sub technology e l\u2019effetto Sub Mozart &#8230;&#8230;&#8230;&#8230;&#8230;&#8230;&#8230;.. 458<br \/>\nGrafici Effetto Mozart e Silent Sub technology &#8230;&#8230;&#8230;&#8230;&#8230;&#8230;&#8230;&#8230; 459<br \/>\nLe mucche e le piante amano Mozart &#8230;&#8230;&#8230;&#8230;&#8230;&#8230;&#8230;&#8230;&#8230;&#8230;&#8230;&#8230;&#8230;&#8230;.. 461<br \/>\nMeccanica Quantistica e Suono &#8230;&#8230;&#8230;&#8230;&#8230;&#8230;&#8230;&#8230;&#8230;&#8230;&#8230;&#8230;&#8230;&#8230;&#8230;&#8230;&#8230;&#8230; 463<br \/>\nIl teorema di Bell &#8230;&#8230;&#8230;&#8230;&#8230;&#8230;&#8230;&#8230;&#8230;&#8230;&#8230;&#8230;&#8230;&#8230;&#8230;&#8230;&#8230;&#8230;&#8230;&#8230;&#8230;&#8230;&#8230;&#8230;&#8230;&#8230; 471<br \/>\nEnergia Tachionica e Campo del Punto Zero &#8230;&#8230;&#8230;&#8230;&#8230;&#8230;&#8230;&#8230;&#8230;&#8230; 473<br \/>\nRoyal Raymond Rife, Hulda Clark e frequenze di guarigione &#8230; 489<br \/>\nConversioni e Frequenze di Hulda Clark &#8230;&#8230;&#8230;&#8230;&#8230;&#8230;&#8230;&#8230;&#8230;&#8230;&#8230;.. 491<br \/>\nTabelle &#8230;&#8230;&#8230;&#8230;&#8230;&#8230;&#8230;&#8230;&#8230;&#8230;&#8230;&#8230;&#8230;&#8230;&#8230;&#8230;&#8230;&#8230;&#8230;&#8230;&#8230;&#8230;&#8230;&#8230;&#8230;&#8230;&#8230;&#8230;&#8230;&#8230;&#8230;&#8230; 495<br \/>\nFrequenze e note di alcuni organi e parti del corpo &#8230;&#8230;&#8230;&#8230;&#8230;.. 495<br \/>\nFrequenze, orbite e rotazioni dei nostri pianeti &#8230;&#8230;&#8230;&#8230;&#8230;&#8230;&#8230;&#8230;. 496<br \/>\nChakra &#8211; Centri energetici del corpo &#8230;&#8230;&#8230;&#8230;&#8230;&#8230;&#8230;&#8230;&#8230;&#8230;&#8230;&#8230;&#8230;&#8230;. 497<br \/>\nComparazione delle parti del corpo &#8230;&#8230;&#8230;&#8230;&#8230;&#8230;&#8230;&#8230;&#8230;&#8230;&#8230;&#8230;&#8230;&#8230;.. 498<br \/>\nNutrienti minerali per il corpo &#8230;&#8230;&#8230;&#8230;&#8230;&#8230;&#8230;&#8230;&#8230;&#8230;&#8230;&#8230;&#8230;&#8230;&#8230;&#8230;&#8230;.. 499<br \/>\nRicerche con suoni sinusoidali &#8230;&#8230;&#8230;&#8230;&#8230;&#8230;&#8230;&#8230;&#8230;&#8230;&#8230;&#8230;&#8230;&#8230;&#8230;&#8230;&#8230;.. 500<br \/>\nChakra e Camera di Risonanza &#8230;&#8230;&#8230;&#8230;&#8230;&#8230;&#8230;&#8230;&#8230;&#8230;&#8230;&#8230;&#8230;&#8230;&#8230;&#8230;&#8230;. 501<br \/>\nFrequenze Brainwave e Stati mentali &#8230;&#8230;&#8230;&#8230;&#8230;&#8230;&#8230;&#8230;&#8230;&#8230;&#8230;&#8230;&#8230;&#8230; 502<br \/>\nFrequenze sacre della guarigione &#8230;&#8230;&#8230;&#8230;&#8230;&#8230;&#8230;&#8230;&#8230;&#8230;&#8230;&#8230;&#8230;&#8230;&#8230;&#8230;. 508<br \/>\nBibliografia e Riferimenti &#8230;&#8230;&#8230;&#8230;&#8230;&#8230;&#8230;&#8230;&#8230;&#8230;&#8230;&#8230;&#8230;&#8230;&#8230;&#8230;&#8230;&#8230;&#8230;&#8230;&#8230;. 509<br \/>\nWebliografia e Links&#8230;&#8230;&#8230;&#8230;&#8230;&#8230;&#8230;&#8230;&#8230;&#8230;&#8230;&#8230;&#8230;&#8230;&#8230;&#8230;&#8230;&#8230;&#8230;&#8230;&#8230;&#8230;&#8230;&#8230;. 519<br \/>\nAutore e Compilatore &#8230;&#8230;&#8230;&#8230;&#8230;&#8230;&#8230;&#8230;&#8230;&#8230;&#8230;&#8230;&#8230;&#8230;&#8230;&#8230;&#8230;&#8230;&#8230;&#8230;&#8230;&#8230;&#8230;. 520<br \/>\nAltre Pubblicazioni &#8230;&#8230;&#8230;&#8230;&#8230;&#8230;&#8230;&#8230;&#8230;&#8230;&#8230;&#8230;&#8230;&#8230;&#8230;&#8230;&#8230;&#8230;&#8230;&#8230;&#8230;&#8230;&#8230;&#8230;&#8230; 521<\/p>\n","protected":false},"excerpt":{"rendered":"<p><strong>Potere e uso della vibrazione e dell\u2019induzione sonora subliminale positiva<\/strong><\/p>\n<p>In questo libro ci occupiamo, prevalentemente, delle moderne tecniche e tecnologie soniche audioterapiche, integrate alle pi\u00f9 moderne ed efficaci metodologie induttive in sinergia con la psiconeuroacustica pi\u00f9 avanzata e con le ancestrali conoscenze vediche ed esoteriche in materia.<\/p>\n<p><strong>Formato PDF <\/strong>in download (da questo sito)<\/p>\n<p><span style=\"color: #800000;\"><strong>(altri formati in descrizione)<\/strong><\/span><\/p>\n<div>\u00a0<\/div>\n","protected":false},"featured_media":18224,"template":"","meta":{"_lmt_disableupdate":"","_lmt_disable":""},"product_brand":[],"product_cat":[22],"product_tag":[20,227,21,79,80,232,23,26,233],"class_list":{"0":"post-18225","1":"product","2":"type-product","3":"status-publish","4":"has-post-thumbnail","6":"product_cat-libri-e-manuali","7":"product_tag-bwe","8":"product_tag-frequenze","9":"product_tag-induzioni","10":"product_tag-musica","11":"product_tag-psiche","12":"product_tag-psicoacustica","13":"product_tag-subliminale","14":"product_tag-suono","15":"product_tag-vibrazione","17":"first","18":"instock","19":"sale","20":"featured","21":"downloadable","22":"virtual","23":"sold-individually","24":"purchasable","25":"product-type-simple"},"_links":{"self":[{"href":"https:\/\/www.sublimen.com\/store\/wp-json\/wp\/v2\/product\/18225","targetHints":{"allow":["GET"]}}],"collection":[{"href":"https:\/\/www.sublimen.com\/store\/wp-json\/wp\/v2\/product"}],"about":[{"href":"https:\/\/www.sublimen.com\/store\/wp-json\/wp\/v2\/types\/product"}],"wp:featuredmedia":[{"embeddable":true,"href":"https:\/\/www.sublimen.com\/store\/wp-json\/wp\/v2\/media\/18224"}],"wp:attachment":[{"href":"https:\/\/www.sublimen.com\/store\/wp-json\/wp\/v2\/media?parent=18225"}],"wp:term":[{"taxonomy":"product_brand","embeddable":true,"href":"https:\/\/www.sublimen.com\/store\/wp-json\/wp\/v2\/product_brand?post=18225"},{"taxonomy":"product_cat","embeddable":true,"href":"https:\/\/www.sublimen.com\/store\/wp-json\/wp\/v2\/product_cat?post=18225"},{"taxonomy":"product_tag","embeddable":true,"href":"https:\/\/www.sublimen.com\/store\/wp-json\/wp\/v2\/product_tag?post=18225"}],"curies":[{"name":"wp","href":"https:\/\/api.w.org\/{rel}","templated":true}]}}