{"id":18110,"date":"2025-04-23T16:38:48","date_gmt":"2025-04-23T14:38:48","guid":{"rendered":"https:\/\/www.sublimen.com\/store\/?post_type=product&#038;p=18110"},"modified":"2025-11-18T20:13:16","modified_gmt":"2025-11-18T19:13:16","slug":"frequenze-fq01-manuale-di-riferimento-delle-frequenze-per-audioterapia-libro","status":"publish","type":"product","link":"https:\/\/www.sublimen.com\/store\/art\/frequenze-fq01-manuale-di-riferimento-delle-frequenze-per-audioterapia-libro\/","title":{"rendered":"Frequenze FQ01 &#8211; Manuale di Riferimento delle Frequenze per AudioTerapia &#8211; Libro"},"content":{"rendered":"<p><strong>Frequenze FQ01 &#8211; Manuale di Riferimento delle Frequenze per AudioTerapia<\/strong><\/p>\n<p>Manuale di Riferimento delle Frequenze Consolidate e Sperimentali per AudioTerapia<\/p>\n<p>Codice articolo: FQ01<\/p>\n<p>&nbsp;<\/p>\n<p><strong>Prezzo al pubblico versione elettronica PDF: Eur. 18,90 (da questo sito)<\/strong><\/p>\n<p><strong><span style=\"color: #800000;\">Prezzo al pubblico versione cartacea: Eur. 39,00 <span class=\"rvts8\">(<\/span><span class=\"rvts80\">vedi sotto Store esclusivi di acquisto<\/span><span class=\"rvts8\">)<\/span><\/span><\/strong><\/p>\n<p>&nbsp;<\/p>\n<p>Questo volume \u00e8 nato dall&#8217;idea e con l&#8217;intento di realizzare un manuale di riferimento e di consultazione tecnica per i professionisti e i ricercatori di settore.<\/p>\n<p>Abbiamo inserito varie tabelle, grafici e liste con dati consolidati o sperimentali frutto di ricerche, studi e sperimentazioni da pi\u00f9 di 25 anni ad oggi. La maggior parte di questi dati non sono ancora riconosciuti dalla moderna scienza convenzionale, soprattutto occidentale, e per questo li definiamo sperimentali. I dati consolidati sono quelli riconosciuti dalla scienza ufficiale o che hanno dimostrato delle evidenze e su cui \u00e8 stata fatta una minima sperimentazione ma non coi rigidi protocolli scientifici convenzionali.<\/p>\n<p>Il ricavato dalla vendita di questo volume sar\u00e0 devoluto in parte ad alcune associazioni no-profit in sintonia indicate sul nostro sito ed in parte sar\u00e0 utilizzato per autofinanziare gli strumenti e le attrezzature necessarie alla nostra sperimentazione e ricerca.<\/p>\n<div>\u00a0<\/div>\n<p><span class=\"rvts8\">Prima edizione: 04\/2025 &#8211; Pagine 480<\/span><\/p>\n<p>La prima edizione \u00a0(04\/2025) \u00e8 la pi\u00f9 recente e completa ed \u00e8 integrata con tutte le ultime novit\u00e0, aggiornamenti e tabelle di riferimento.<\/p>\n<div>\u00a0<\/div>\n<p>La prima edizione in <span style=\"color: #800000;\">versione<strong> cartacea<\/strong><\/span> \u00e8\u00a0<span class=\"rvts72\">acquistabile dai seguenti siti:<\/span><\/p>\n<a href=\"https:\/\/amzn.to\/44HHcgU\" id=\"kadbtn89\" target=\"_blank\" class=\"kad-btn btn-shortcode kad-btn-primary  \" style=\" border: 0 solid; border-color:#000;  color:#ffffff;\" onMouseOver=\"this.style.color=&#039;#ffffff&#039;\" onMouseOut=\"this.style.color=&#039;#ffffff&#039;\" rel=\"noopener\"><strong>Amazon<\/strong> cartacea <i class='icon-amazon'><\/i><\/a>\n<a href=\"https:\/\/www.lulu.com\/it\/search?contributor=Marco+Stefanelli\" id=\"kadbtn47\" target=\"_blank\" class=\"kad-btn btn-shortcode kad-btn-primary  \" style=\" border: 0 solid; border-color:#000;  color:#ffffff;\" onMouseOver=\"this.style.color=&#039;#ffffff&#039;\" onMouseOut=\"this.style.color=&#039;#ffffff&#039;\" rel=\"noopener\"><strong>Lulu<\/strong> cartacea <i class='icon-cart3'><\/i><\/a>\n<div>\u00a0<\/div>\n<p><span style=\"color: #800000;\">Versione\u00a0<strong>Kindle <\/strong><\/span>by Amazon:<\/p>\n<a href=\"https:\/\/amzn.to\/44HHcgU\" id=\"kadbtn85\" target=\"_blank\" class=\"kad-btn btn-shortcode kad-btn-primary  \" style=\" border: 0 solid; border-color:#000;  color:#ffffff;\" onMouseOver=\"this.style.color=&#039;#ffffff&#039;\" onMouseOut=\"this.style.color=&#039;#ffffff&#039;\" rel=\"noopener\"><strong>Amazon<\/strong> Kindle <i class='icon-amazon'><\/i><\/a>\n<div>\u00a0<\/div>\n<div class=\"rvps0\">La <span style=\"color: #800000;\">versione elettronica<\/span>\u00a0<span style=\"color: #800000;\"><strong>PDF\u00a0<\/strong><\/span>\u00e8\u00a0<span class=\"rvts72\">acquistabile e scaricabile solo da questo sito e <\/span><span class=\"rvts72\"><a href=\"http:\/\/store.audioterapia.net\" target=\"_blank\" rel=\"noopener noreferrer\">Store<\/a>\u00a0<\/span><span class=\"rvts72\">by Amadeux Multimedia<\/span>.<\/div>\n<div class=\"rvps0\">\n<p>La versione elettronica in formato universale PDF \u00e8 visualizzabile su qualsiasi computer, tablet, smartphone e dispositivo mobile.<\/p>\n<\/div>\n<div>\u00a0<\/div>\n<p>Codice <strong>ISBN<\/strong>: 9798281611312<\/p>\n<div>\u00a0<\/div>\n<p><strong>Sommario:<\/strong><\/p>\n<p>Sommario &#8230;&#8230;&#8230;&#8230;&#8230;&#8230;&#8230;&#8230;&#8230;&#8230;&#8230;&#8230;&#8230;&#8230;&#8230;&#8230;&#8230;&#8230;&#8230;&#8230;&#8230;&#8230;&#8230;&#8230;&#8230;&#8230;&#8230;&#8230;&#8230;&#8230;.. 11<br \/>\nPremessa e Introduzione &#8230;&#8230;&#8230;&#8230;&#8230;&#8230;&#8230;&#8230;&#8230;&#8230;&#8230;&#8230;&#8230;&#8230;&#8230;&#8230;&#8230;&#8230;&#8230;&#8230;&#8230;&#8230;. 13<br \/>\nLa legge naturale dell\u2019Ottava Cosmica &#8230;&#8230;&#8230;&#8230;&#8230;&#8230;&#8230;&#8230;&#8230;&#8230;&#8230;&#8230;&#8230;&#8230;.. 21<br \/>\nNozioni di acustica psicofisica &#8230;&#8230;&#8230;&#8230;&#8230;&#8230;&#8230;&#8230;&#8230;&#8230;&#8230;&#8230;&#8230;&#8230;&#8230;&#8230;&#8230;&#8230;&#8230; 25<br \/>\nIl fenomeno della Risonanza &#8230;&#8230;&#8230;&#8230;&#8230;&#8230;&#8230;&#8230;&#8230;&#8230;&#8230;&#8230;&#8230;&#8230;&#8230;&#8230;&#8230;&#8230;&#8230;&#8230; 47<br \/>\nRisonanza e Chakra &#8230;&#8230;&#8230;&#8230;&#8230;&#8230;&#8230;&#8230;&#8230;&#8230;&#8230;&#8230;&#8230;&#8230;&#8230;&#8230;&#8230;&#8230;&#8230;&#8230;&#8230;&#8230;&#8230;. 52<br \/>\nAudioterapia con toni puri &#8230;&#8230;&#8230;&#8230;&#8230;&#8230;&#8230;&#8230;&#8230;&#8230;&#8230;&#8230;&#8230;&#8230;&#8230;&#8230;&#8230;&#8230;&#8230;&#8230;&#8230;. 57<br \/>\nTabelle &#8230;&#8230;&#8230;&#8230;&#8230;&#8230;&#8230;&#8230;&#8230;&#8230;&#8230;&#8230;&#8230;&#8230;&#8230;&#8230;&#8230;&#8230;&#8230;&#8230;&#8230;&#8230;&#8230;&#8230;&#8230;&#8230;&#8230;&#8230;&#8230;&#8230;&#8230;&#8230;.. 61<br \/>\nFrequenze e note di alcuni organi e parti del corpo &#8230;&#8230;&#8230;&#8230;&#8230;. 61<br \/>\nFrequenze, orbite e rotazioni dei nostri pianeti &#8230;&#8230;&#8230;&#8230;&#8230;&#8230;&#8230;&#8230; 62<br \/>\nChakra &#8211; Centri energetici del corpo &#8230;&#8230;&#8230;&#8230;&#8230;&#8230;&#8230;&#8230;&#8230;&#8230;&#8230;&#8230;&#8230;&#8230; 63<br \/>\nComparazione delle parti del corpo &#8230;&#8230;&#8230;&#8230;&#8230;&#8230;&#8230;&#8230;&#8230;&#8230;&#8230;&#8230;&#8230;&#8230;. 64<br \/>\nNutrienti minerali per il corpo &#8230;&#8230;&#8230;&#8230;&#8230;&#8230;&#8230;&#8230;&#8230;&#8230;&#8230;&#8230;&#8230;&#8230;&#8230;&#8230;&#8230;. 65<br \/>\nRicerche con suoni sinusoidali &#8230;&#8230;&#8230;&#8230;&#8230;&#8230;&#8230;&#8230;&#8230;&#8230;&#8230;&#8230;&#8230;&#8230;&#8230;&#8230;&#8230;. 66<br \/>\nChakra e Camera di Risonanza &#8230;&#8230;&#8230;&#8230;&#8230;&#8230;&#8230;&#8230;&#8230;&#8230;&#8230;&#8230;&#8230;&#8230;&#8230;&#8230;&#8230; 67<br \/>\nFrequenze Brainwave e Stati mentali &#8230;&#8230;&#8230;&#8230;&#8230;&#8230;&#8230;&#8230;&#8230;&#8230;&#8230;&#8230;&#8230;.. 68<br \/>\nFrequenze sacre della guarigione &#8230;&#8230;&#8230;&#8230;&#8230;&#8230;&#8230;&#8230;&#8230;&#8230;&#8230;&#8230;&#8230;&#8230;&#8230;&#8230; 74<br \/>\nProcesso di ascolto fisico-psicologico&#8230;&#8230;&#8230;&#8230;&#8230;&#8230;&#8230;&#8230;&#8230;&#8230;&#8230;&#8230;&#8230;. 75<br \/>\nChakras, Elements, Colors and the Solfeggio Frequencies &#8230;. 76<br \/>\nCorrelazioni Colore-Frequenza in Hertz &#8230;&#8230;&#8230;&#8230;&#8230;&#8230;&#8230;&#8230;&#8230;&#8230;&#8230;.. 77<br \/>\n12 Chakra e suoni interiori, Colori e Note &#8230;&#8230;&#8230;&#8230;&#8230;&#8230;&#8230;&#8230;&#8230;&#8230;.. 78<br \/>\nSuono e Colore, Nota e Chakra, Yin e Yang &#8230;&#8230;&#8230;&#8230;&#8230;&#8230;&#8230;&#8230;&#8230;. 79<br \/>\nChakra Music Tuning Chart &#8230;&#8230;&#8230;&#8230;&#8230;&#8230;&#8230;&#8230;&#8230;&#8230;&#8230;&#8230;&#8230;&#8230;&#8230;&#8230;&#8230;&#8230;.. 80<br \/>\nChakra Mantra Brainwave Entrainment Tuning Chart &#8230;&#8230;&#8230;.. 81<br \/>\nCorrispondenze Note Chakra e Mantra vedici e tibetani &#8230;&#8230;.. 82<br \/>\nScala Temp. EQUABILE DO=256 Hz\/LA=432 Hz &#8230;&#8230;&#8230;&#8230; 83<br \/>\nScala PITAGORICA 432 Hz &#8230;&#8230;&#8230;&#8230;&#8230;&#8230;&#8230;&#8230;&#8230;&#8230;&#8230;&#8230;&#8230;&#8230;&#8230;&#8230;&#8230;&#8230; 84<br \/>\nScala NATURALE 432 Hz &#8230;&#8230;&#8230;&#8230;&#8230;&#8230;&#8230;&#8230;&#8230;&#8230;&#8230;&#8230;&#8230;&#8230;&#8230;&#8230;&#8230;&#8230;&#8230; 85<br \/>\nScala AUMega 432 Hz &#8230;&#8230;&#8230;&#8230;&#8230;&#8230;&#8230;&#8230;&#8230;&#8230;&#8230;&#8230;&#8230;&#8230;&#8230;&#8230;&#8230;&#8230;&#8230;&#8230;&#8230;.. 86<br \/>\nChakra Tones based 432 Hz grid &#8230;&#8230;&#8230;&#8230;&#8230;&#8230;&#8230;&#8230;&#8230;&#8230;&#8230;&#8230;&#8230;&#8230;&#8230;.. 87<br \/>\nRoyal Raymond Rife, Hulda Clark e le frequenze di guarigione . 89<br \/>\nConversioni e Frequenze di Hulda Clark &#8230;&#8230;&#8230;&#8230;&#8230;&#8230;&#8230;&#8230;&#8230;&#8230;&#8230;. 91<br \/>\nHulda Clark Frequencies &#8230;&#8230;&#8230;&#8230;&#8230;&#8230;&#8230;&#8230;&#8230;&#8230;&#8230;&#8230;&#8230;&#8230;&#8230;&#8230;&#8230;&#8230;&#8230;&#8230;&#8230;&#8230;. 95<br \/>\nFrequenze benefiche, &#8220;normalizzanti&#8221; e stimolanti &#8230;&#8230;&#8230;&#8230;&#8230;&#8230;&#8230; 111<br \/>\nBrainwave Frequencies &#8230;&#8230;&#8230;&#8230;&#8230;&#8230;&#8230;&#8230;&#8230;&#8230;&#8230;&#8230;&#8230;&#8230;&#8230;&#8230;&#8230;&#8230;&#8230;&#8230;&#8230;&#8230;.. 117<br \/>\nCAFL &#8211; Elenco Frequenze Consolidate e Annotate &#8230;&#8230;&#8230;&#8230;&#8230;&#8230;. 155<br \/>\nETDFL &#8211; Elenco di riferimento delle frequenze &#8230;&#8230;&#8230;&#8230;&#8230;&#8230;&#8230;&#8230;. 267<br \/>\nGrafici&#8230;&#8230;&#8230;&#8230;&#8230;&#8230;&#8230;&#8230;&#8230;&#8230;&#8230;&#8230;&#8230;&#8230;&#8230;&#8230;&#8230;&#8230;&#8230;&#8230;&#8230;&#8230;&#8230;&#8230;&#8230;&#8230;&#8230;&#8230;&#8230;&#8230;&#8230;&#8230;. 449<br \/>\nScale pesatura e decibel &#8230;&#8230;&#8230;&#8230;&#8230;&#8230;&#8230;&#8230;&#8230;&#8230;&#8230;&#8230;&#8230;&#8230;&#8230;&#8230;&#8230;&#8230;&#8230;&#8230;.. 450<br \/>\nBrainwave frequency zones &#8230;&#8230;&#8230;&#8230;&#8230;&#8230;&#8230;&#8230;&#8230;&#8230;&#8230;&#8230;&#8230;&#8230;&#8230;&#8230;&#8230;&#8230;. 451<br \/>\nIntonazioni e scale 432 Hz&#8230;&#8230;&#8230;&#8230;&#8230;&#8230;&#8230;&#8230;&#8230;&#8230;&#8230;&#8230;&#8230;&#8230;&#8230;&#8230;&#8230;&#8230;&#8230; 452<br \/>\nTabella Correlazioni Chakra Frequenze &#8230;&#8230;&#8230;&#8230;&#8230;&#8230;&#8230;&#8230;&#8230;&#8230;&#8230;.. 453<br \/>\nAccordi e sensazioni &#8230;&#8230;&#8230;&#8230;&#8230;&#8230;&#8230;&#8230;&#8230;&#8230;&#8230;&#8230;&#8230;&#8230;&#8230;&#8230;&#8230;&#8230;&#8230;&#8230;&#8230;&#8230;. 454<br \/>\nPercorso olistico del suono &#8230;&#8230;&#8230;&#8230;&#8230;&#8230;&#8230;&#8230;&#8230;&#8230;&#8230;&#8230;&#8230;&#8230;&#8230;&#8230;&#8230;&#8230;.. 455<br \/>\nCorrispondenze Chakra Frequenze Solfeggio &#8230;&#8230;&#8230;&#8230;&#8230;&#8230;&#8230;&#8230;. 456<br \/>\nInterferenza Costruttiva o Risonanza Armonica &#8230;&#8230;&#8230;&#8230;&#8230;&#8230;.. 457<br \/>\nInterferenza Distruttiva o Risonanza Disarmonica&#8230;&#8230;&#8230;&#8230;&#8230;. 458<br \/>\nGeometria musicale &#8230;&#8230;&#8230;&#8230;&#8230;&#8230;&#8230;&#8230;&#8230;&#8230;&#8230;&#8230;&#8230;&#8230;&#8230;&#8230;&#8230;&#8230;&#8230;&#8230;&#8230;&#8230;.. 459<br \/>\nFrequenze luce &#8230;&#8230;&#8230;&#8230;&#8230;&#8230;&#8230;&#8230;&#8230;&#8230;&#8230;&#8230;&#8230;&#8230;&#8230;&#8230;&#8230;&#8230;&#8230;&#8230;&#8230;&#8230;&#8230;&#8230;&#8230;.. 460<br \/>\nSuono, luce e Brainwave &#8230;&#8230;&#8230;&#8230;&#8230;&#8230;&#8230;&#8230;&#8230;&#8230;&#8230;&#8230;&#8230;&#8230;&#8230;&#8230;&#8230;&#8230;&#8230;&#8230; 461<br \/>\nDominanti e Armonici &#8230;&#8230;&#8230;&#8230;&#8230;&#8230;&#8230;&#8230;&#8230;&#8230;&#8230;&#8230;&#8230;&#8230;&#8230;&#8230;&#8230;&#8230;&#8230;&#8230;&#8230; 462<br \/>\nStrumenti sinfonici e armonia \u2013 Modi greci &#8230;&#8230;&#8230;&#8230;&#8230;&#8230;&#8230;&#8230;&#8230;. 463<br \/>\nCorrispondenza modi India e modi greci &#8230;&#8230;&#8230;&#8230;&#8230;&#8230;&#8230;&#8230;&#8230;&#8230;.. 464<br \/>\nModi e stagioni &#8230;&#8230;&#8230;&#8230;&#8230;&#8230;&#8230;&#8230;&#8230;&#8230;&#8230;&#8230;&#8230;&#8230;&#8230;&#8230;&#8230;&#8230;&#8230;&#8230;&#8230;&#8230;&#8230;&#8230;&#8230;. 465<br \/>\nChakra e modi &#8230;&#8230;&#8230;&#8230;&#8230;&#8230;&#8230;&#8230;&#8230;&#8230;&#8230;&#8230;&#8230;&#8230;&#8230;&#8230;&#8230;&#8230;&#8230;&#8230;&#8230;&#8230;&#8230;&#8230;&#8230;&#8230; 466<br \/>\nIntervalli e valori &#8230;&#8230;&#8230;&#8230;&#8230;&#8230;&#8230;&#8230;&#8230;&#8230;&#8230;&#8230;&#8230;&#8230;&#8230;&#8230;&#8230;&#8230;&#8230;&#8230;&#8230;&#8230;&#8230;&#8230;.. 467<br \/>\nNote e stati &#8230;&#8230;&#8230;&#8230;&#8230;&#8230;&#8230;&#8230;&#8230;&#8230;&#8230;&#8230;&#8230;&#8230;&#8230;&#8230;&#8230;&#8230;&#8230;&#8230;&#8230;&#8230;&#8230;&#8230;&#8230;&#8230;&#8230;.. 468<br \/>\nGolden ratio entrainment &#8230;&#8230;&#8230;&#8230;&#8230;&#8230;&#8230;&#8230;&#8230;&#8230;&#8230;&#8230;&#8230;&#8230;&#8230;&#8230;&#8230;&#8230;&#8230;.. 469<br \/>\n432 series &#8230;&#8230;&#8230;&#8230;&#8230;&#8230;&#8230;&#8230;&#8230;&#8230;&#8230;&#8230;&#8230;&#8230;&#8230;&#8230;&#8230;&#8230;&#8230;&#8230;&#8230;&#8230;&#8230;&#8230;&#8230;&#8230;&#8230;&#8230;.. 470<br \/>\nWebliografia e Links&#8230;&#8230;&#8230;&#8230;&#8230;&#8230;&#8230;&#8230;&#8230;&#8230;&#8230;&#8230;&#8230;&#8230;&#8230;&#8230;&#8230;&#8230;&#8230;&#8230;&#8230;&#8230;&#8230;&#8230;. 471<br \/>\nBibliografia di riferimento &#8230;&#8230;&#8230;&#8230;&#8230;&#8230;&#8230;&#8230;&#8230;&#8230;&#8230;&#8230;&#8230;&#8230;&#8230;&#8230;&#8230;&#8230;&#8230;. 471<br \/>\nAutore e compilatore &#8230;&#8230;&#8230;&#8230;&#8230;&#8230;&#8230;&#8230;&#8230;&#8230;&#8230;&#8230;&#8230;&#8230;&#8230;&#8230;&#8230;&#8230;&#8230;&#8230;&#8230;&#8230;&#8230;.. 473<br \/>\nAltre pubblicazioni &#8230;&#8230;&#8230;&#8230;&#8230;&#8230;&#8230;&#8230;&#8230;&#8230;&#8230;&#8230;&#8230;&#8230;&#8230;&#8230;&#8230;&#8230;&#8230;&#8230;&#8230;&#8230;&#8230;&#8230;&#8230; 475<\/p>\n<p>&nbsp;<\/p>\n","protected":false},"excerpt":{"rendered":"<p>Questo volume \u00e8 nato dall&#8217;idea e con l&#8217;intento di realizzare un manuale di riferimento e di consultazione tecnica per i professionisti e i ricercatori di settore.<\/p>\n<p><strong>Formato PDF <\/strong>in download (da questo sito)<\/p>\n<p><span style=\"color: #800000;\"><strong>(altri formati in descrizione)<\/strong><\/span><\/p>\n<div>\u00a0<\/div>\n","protected":false},"featured_media":18108,"template":"","meta":{"_lmt_disableupdate":"","_lmt_disable":""},"product_brand":[],"product_cat":[22],"product_tag":[20,227,21,79,80,23,26],"class_list":{"0":"post-18110","1":"product","2":"type-product","3":"status-publish","4":"has-post-thumbnail","6":"product_cat-libri-e-manuali","7":"product_tag-bwe","8":"product_tag-frequenze","9":"product_tag-induzioni","10":"product_tag-musica","11":"product_tag-psiche","12":"product_tag-subliminale","13":"product_tag-suono","15":"first","16":"instock","17":"sale","18":"featured","19":"downloadable","20":"virtual","21":"sold-individually","22":"purchasable","23":"product-type-simple"},"_links":{"self":[{"href":"https:\/\/www.sublimen.com\/store\/wp-json\/wp\/v2\/product\/18110","targetHints":{"allow":["GET"]}}],"collection":[{"href":"https:\/\/www.sublimen.com\/store\/wp-json\/wp\/v2\/product"}],"about":[{"href":"https:\/\/www.sublimen.com\/store\/wp-json\/wp\/v2\/types\/product"}],"wp:featuredmedia":[{"embeddable":true,"href":"https:\/\/www.sublimen.com\/store\/wp-json\/wp\/v2\/media\/18108"}],"wp:attachment":[{"href":"https:\/\/www.sublimen.com\/store\/wp-json\/wp\/v2\/media?parent=18110"}],"wp:term":[{"taxonomy":"product_brand","embeddable":true,"href":"https:\/\/www.sublimen.com\/store\/wp-json\/wp\/v2\/product_brand?post=18110"},{"taxonomy":"product_cat","embeddable":true,"href":"https:\/\/www.sublimen.com\/store\/wp-json\/wp\/v2\/product_cat?post=18110"},{"taxonomy":"product_tag","embeddable":true,"href":"https:\/\/www.sublimen.com\/store\/wp-json\/wp\/v2\/product_tag?post=18110"}],"curies":[{"name":"wp","href":"https:\/\/api.w.org\/{rel}","templated":true}]}}