{"id":17303,"date":"2021-02-18T11:37:49","date_gmt":"2021-02-18T10:37:49","guid":{"rendered":"https:\/\/www.sublimen.com\/store\/?post_type=product&#038;p=17303"},"modified":"2026-02-12T12:23:56","modified_gmt":"2026-02-12T11:23:56","slug":"gaussian-noise-rumore-gaussiano-at026","status":"publish","type":"product","link":"https:\/\/www.sublimen.com\/store\/art\/gaussian-noise-rumore-gaussiano-at026\/","title":{"rendered":"GAUSSIAN Noise Rumore Gaussiano &#8211; AT026 &#8211; MP3"},"content":{"rendered":"<p><strong>GAUSSIAN Noise Rumore Gaussiano &#8211; AT026<\/strong><\/p>\n<p>Codice art.: AT026<\/p>\n<div>\n<div>Brano audio con gaussian noise (rumore gaussiano) puro in stereofonia.<\/div>\n<div>\u00a0<\/div>\n<\/div>\n<div>\n<div class=\"rvps0\">Il rumore gaussiano si definisce come un rumore con una <strong>distribuzione del livello sonoro di tipo gaussiano<\/strong>. Prende il nome da Carl Friedrich Gauss ed \u00e8 un rumore statistico avente una funzione di densit\u00e0 di probabilit\u00e0 (PDF) uguale a quella della classica funzione nota anche come distribuzione gaussiana.<\/div>\n<\/div>\n<div>\n<div>\u00a0<\/div>\n<div>Il brano contiene sonorit\u00e0 di gaussian noise puro in alta qualit\u00e0 stereofonica a -6dB TruePeak e -14dB LUFS.\u00a0<\/div>\n<div>\u00a0<\/div>\n<div>Adatto per trattamento Acufeni e Tinnitus, TRT e problematiche dell&#8217;apparato uditivo, mascheramento e misurazioni psicoacustiche varie.<\/div>\n<\/div>\n<div>\u00a0<\/div>\n<div>\u00bb <a href=\"https:\/\/www.amadeux.net\/sublimen\/dossier\/noise_ed_effetti.html\" target=\"_blank\" rel=\"noopener\">Specifiche e approfondimenti sui Noise<\/a><\/div>\n<div>\u00a0<\/div>\n<div>Durata: 21:00 minuti.<\/div>\n<div>\u00a0<\/div>\n<p>Formato: MP3 con codifica VBR alla massima qualit\u00e0.<\/p>\n<p>Demo traccia:<\/p>\n<audio class=\"wp-audio-shortcode\" id=\"audio-17303-1\" preload=\"none\" style=\"width: 100%;\" controls=\"controls\"><source type=\"audio\/mpeg\" src=\"https:\/\/www.amadeux.it\/public\/Podcast\/Sublimen_demo\/AT026-gaussian%20noise%20rumore%20gaussiano-demo.mp3?_=1\" \/><a href=\"https:\/\/www.amadeux.it\/public\/Podcast\/Sublimen_demo\/AT026-gaussian%20noise%20rumore%20gaussiano-demo.mp3\" target=\"_blank\" rel=\"noopener\">https:\/\/www.amadeux.it\/public\/Podcast\/Sublimen_demo\/AT026-gaussian%20noise%20rumore%20gaussiano-demo.mp3<\/a><\/audio>\n","protected":false},"excerpt":{"rendered":"<div>\n<div>Brano audio con gaussian noise (rumore gaussiano) puro stereo.<\/div>\n<div>Adatto per trattamento Acufeni e Tinnitus, TRT e problematiche dell&#8217;apparato uditivo, mascheramento e misurazioni psicoacustiche.<\/div>\n<\/div>\n<div>\u00a0<\/div>\n<div><strong>Formato: MP3 <\/strong>in download<\/div>\n<div>\u00a0<\/div>\n","protected":false},"featured_media":17730,"template":"","meta":{"_lmt_disableupdate":"","_lmt_disable":""},"product_brand":[],"product_cat":[17],"product_tag":[48,40,170,41,50,51],"class_list":{"0":"post-17303","1":"product","2":"type-product","3":"status-publish","4":"has-post-thumbnail","6":"product_cat-audio-tools","7":"product_tag-acufeni","8":"product_tag-asmr","9":"product_tag-noise","10":"product_tag-relax","11":"product_tag-tinnitus","12":"product_tag-trt","14":"first","15":"instock","16":"sale","17":"downloadable","18":"virtual","19":"sold-individually","20":"purchasable","21":"product-type-simple"},"_links":{"self":[{"href":"https:\/\/www.sublimen.com\/store\/wp-json\/wp\/v2\/product\/17303","targetHints":{"allow":["GET"]}}],"collection":[{"href":"https:\/\/www.sublimen.com\/store\/wp-json\/wp\/v2\/product"}],"about":[{"href":"https:\/\/www.sublimen.com\/store\/wp-json\/wp\/v2\/types\/product"}],"wp:featuredmedia":[{"embeddable":true,"href":"https:\/\/www.sublimen.com\/store\/wp-json\/wp\/v2\/media\/17730"}],"wp:attachment":[{"href":"https:\/\/www.sublimen.com\/store\/wp-json\/wp\/v2\/media?parent=17303"}],"wp:term":[{"taxonomy":"product_brand","embeddable":true,"href":"https:\/\/www.sublimen.com\/store\/wp-json\/wp\/v2\/product_brand?post=17303"},{"taxonomy":"product_cat","embeddable":true,"href":"https:\/\/www.sublimen.com\/store\/wp-json\/wp\/v2\/product_cat?post=17303"},{"taxonomy":"product_tag","embeddable":true,"href":"https:\/\/www.sublimen.com\/store\/wp-json\/wp\/v2\/product_tag?post=17303"}],"curies":[{"name":"wp","href":"https:\/\/api.w.org\/{rel}","templated":true}]}}