{"id":13497,"date":"2016-05-03T11:49:24","date_gmt":"2016-05-03T09:49:24","guid":{"rendered":"https:\/\/www.sublimen.com\/store\/?post_type=product&#038;p=13497"},"modified":"2025-05-30T13:01:56","modified_gmt":"2025-05-30T11:01:56","slug":"submusic-sm01","status":"publish","type":"product","link":"https:\/\/www.sublimen.com\/store\/art\/submusic-sm01\/","title":{"rendered":"SubMusic SM01 &#8211; Manuale audio subliminale positivo e benefico &#8211; Libro"},"content":{"rendered":"<p><strong>SubMusic SM01 &#8211; Manuale audio subliminale positivo e benefico<\/strong><\/p>\n<p>Libro: Manuale delle sonorit\u00e0 subliminali e induttive terapeutiche<\/p>\n<p>Codice articolo:\u00a0SM01<\/p>\n<p>&nbsp;<\/p>\n<p><strong>Prezzo al pubblico versione elettronica PDF: Eur. 13,90 (da questo sito)<\/strong><\/p>\n<p><strong><span style=\"color: #800000;\">Prezzo al pubblico versione cartacea: Eur. 29,00 <span class=\"rvts8\">(<\/span><span class=\"rvts80\">vedi sotto Store esclusivi di acquisto<\/span><span class=\"rvts8\">)<\/span><\/span><\/strong><\/p>\n<p>&nbsp;<\/p>\n<p>Il potere del suono e della Musica e la loro influenza sul corpo e sulla psiche.<\/p>\n<p>Questo testo \u00e8 un libro\/manuale sulla musica e le sonorit\u00e0 subliminali con induzioni cerebrali, battimenti infrasonici e HRM. In questo libro si spiega che cosa sono e come funzionano le tecniche e le sonorit\u00e0 brainwave entrainment di induzione cerebrale benefica con battimenti infrasonici (BWE), pulsazioni, modulazioni impulsive, Effetto Mozart, HRM ecc&#8230;<\/p>\n<div>\u00a0<\/div>\n<p><span class=\"rvts8\">Prima edizione: 09\/2001 &#8211; Pagine 22<\/span><\/p>\n<p><span class=\"rvts8\">Seconda edizione: 04\/2002 &#8211; Pagine 40<\/span><\/p>\n<p><span class=\"rvts8\">Terza edizione: 05\/2005\u00a0&#8211; Pagine 74<\/span><\/p>\n<p><span class=\"rvts8\">Quarta edizione: 04\/2008 &#8211; Pagine 210<\/span><\/p>\n<p><span class=\"rvts8\">Quinta edizione: 02\/2011 &#8211; Pagine 282<\/span><\/p>\n<p>La quinta edizione \u00a0(02\/2011) \u00e8 la pi\u00f9 recente e completa ed \u00e8 integrata con tutte le ultime novit\u00e0, aggiornamenti e tabelle di riferimento.<\/p>\n<div>\u00a0<\/div>\n<p>La quinta edizione in <span style=\"color: #800000;\">versione<strong> cartacea<\/strong><\/span> \u00e8\u00a0<span class=\"rvts72\">acquistabile dai seguenti siti:<\/span><\/p>\n<a href=\"https:\/\/amzn.to\/2H3EXIm\" id=\"kadbtn99\" target=\"_blank\" class=\"kad-btn btn-shortcode kad-btn-primary  \" style=\" border: 0 solid; border-color:#000;  color:#ffffff;\" onMouseOver=\"this.style.color=&#039;#ffffff&#039;\" onMouseOut=\"this.style.color=&#039;#ffffff&#039;\" rel=\"noopener\"><strong>Amazon<\/strong> cartacea <i class='icon-amazon'><\/i><\/a>\n<div>\u00a0<\/div>\n<a href=\"https:\/\/ilmiolibro.kataweb.it\/utenti\/107730\/marco-amadeux-stefanelli\/\" id=\"kadbtn81\" target=\"_blank\" class=\"kad-btn btn-shortcode kad-btn-primary  \" style=\" border: 0 solid; border-color:#000;  color:#ffffff;\" onMouseOver=\"this.style.color=&#039;#ffffff&#039;\" onMouseOut=\"this.style.color=&#039;#ffffff&#039;\" rel=\"noopener\"><strong>IlMioLibro<\/strong> cartacea <i class='icon-cart2'><\/i><\/a>\n<div>\u00a0<\/div>\n<a href=\"https:\/\/www.lulu.com\/it\/it\/shop\/marco-stefanelli\/submusic\/paperback\/product-1e88nnm.html\" id=\"kadbtn13\" target=\"_blank\" class=\"kad-btn btn-shortcode kad-btn-primary  \" style=\" border: 0 solid; border-color:#000;  color:#ffffff;\" onMouseOver=\"this.style.color=&#039;#ffffff&#039;\" onMouseOut=\"this.style.color=&#039;#ffffff&#039;\" rel=\"noopener\"><strong>Lulu<\/strong> cartacea <i class='icon-cart3'><\/i><\/a>\n<div>\u00a0<\/div>\n<p><span style=\"color: #800000;\">Versione\u00a0<strong>Kindle <\/strong><\/span>by Amazon:<\/p>\n<a href=\"https:\/\/amzn.to\/2ZZPHjS\" id=\"kadbtn20\" target=\"_blank\" class=\"kad-btn btn-shortcode kad-btn-primary  \" style=\" border: 0 solid; border-color:#000;  color:#ffffff;\" onMouseOver=\"this.style.color=&#039;#ffffff&#039;\" onMouseOut=\"this.style.color=&#039;#ffffff&#039;\" rel=\"noopener\"><strong>Amazon<\/strong> Kindle <i class='icon-amazon'><\/i><\/a>\n<div>\u00a0<\/div>\n<div class=\"rvps0\">La <span style=\"color: #800000;\">versione elettronica<\/span>\u00a0<span style=\"color: #800000;\"><strong>PDF\u00a0<\/strong><\/span>\u00e8\u00a0<span class=\"rvts72\">acquistabile e scaricabile solo da questo sito e <\/span><span class=\"rvts72\"><a href=\"http:\/\/store.audioterapia.net\" target=\"_blank\" rel=\"noopener noreferrer\">Store<\/a>\u00a0<\/span><span class=\"rvts72\">by Amadeux Multimedia<\/span>.<\/div>\n<div class=\"rvps0\">\n<p>La versione elettronica in formato universale\u00a0PDF\u00a0\u00e8 visualizzabile su qualsiasi computer, tablet, smartphone e dispositivo mobile.<\/p>\n<\/div>\n<p>Chi ha acquistato almeno un album completo da questo sito pu\u00f2 scaricare\u00a0gratuitamente la versione ridotta\u00a0in formato elettronico PDF direttamente dall&#8217;<a class=\"rvts4\" href=\"http:\/\/login.sublimen.com\/\" target=\"_blank\" rel=\"noopener noreferrer\">area riservata<\/a>, i codici di accesso vengono inviati via email o allegati ai prodotti via posta ordinaria.<\/p>\n<div>\u00a0<\/div>\n<p>Codice <strong>ISBN<\/strong>: 9781097145379<\/p>\n<div>\u00a0<\/div>\n<p><strong>Sommario:<\/strong><\/p>\n<p>Premessa 1<br \/>\nPresentazione e Introduzione 5<br \/>\nAspetti terapeutici del suono e della Musica 13<br \/>\nLa Musicoterapia 19<br \/>\n\u2013 Prospettiva storica 24<br \/>\n\u2013 Concetti creatori 26<br \/>\n\u2013 Cosa \u00e8 la Musicoterapia 28<br \/>\n\u2013 L\u2019ascolto musicale terapeutico 30<br \/>\nNozioni di acustica psicofisica 33<br \/>\n\u2013 Introduzione 33<br \/>\n\u2013 Il suono 34<br \/>\n\u2013 Il timbro 39<br \/>\n\u2013 Altezza, Timbro e Intensit\u00e0 40<br \/>\n\u2013 La percezione del suono 42<br \/>\n\u2013 Percezione di frequenze diverse 43<br \/>\n\u2013 Campo uditivo e curve isofoniche 48<br \/>\n\u2013 Generazione del suono 51<br \/>\n\u2013 Scale musicali e note 54<br \/>\n\u2013 Scala naturale o cromatica 55<br \/>\n\u2013 Il diapason \u201cnaturale\u201d 57<br \/>\nBattimenti, psicoacustica ed ingegneria del suono 59<br \/>\n\u2013 L\u2019orecchio umano 59<br \/>\n\u2013 Percezione del suono da parte del cervello 62<br \/>\n\u2013 Curve isofoniche 65<br \/>\n\u2013 Psicoacustica 68<br \/>\n\u2013 Fusione binaurale 69<br \/>\nBattimenti e Brainwave Entrainment 71<br \/>\n\u2013 Brainwave Entrainment (BWE) History 77<br \/>\n\u2013 Alcune Tecniche Brainwaves Entrainment (BWE) 80<br \/>\nBattimenti Binaurali\/Monaurali e stati cerebrali 85<br \/>\n\u2013 Cosa sono in pratica le frequenze \u201cBinaural Beats\u201d 91<br \/>\n\u2013 Frequenze e stati cerebrali 93<br \/>\n\u2013 Indurre il cervello nello stato desiderato 95<br \/>\n\u2013 Stimolare il cervello 95<br \/>\n\u2013 Effetti delle condizioni alterate del cervello 97<br \/>\nLe onde cerebrali e la risonanza 99<br \/>\n\u2013 I due emisferi cerebrali 101<br \/>\n\u2013 Il fenomeno della Risonanza 103<br \/>\n\u2013 Risonanza e Chakra 109<br \/>\n\u2013 Cakra, Chakra o Chakras 114<br \/>\n\u2013 I 7 Chakras principali 117<br \/>\n\u2013 La cimatica di Chaldni e Jenny 132<br \/>\n\u2013 Le vibrazioni del Creato 138<br \/>\n\u2013 Il ritmo biauricolare o binaurale 142<br \/>\nLe soglie di percezione di Norma Dixon 145<br \/>\n\u2013 La soglia di percezione cosciente 145<br \/>\n\u2013 La soglia assoluta di percezione cosciente 146<br \/>\n\u2013 La soglia fisiologica 146<br \/>\nIl progetto e la tecnica \u201cHRM\u201d 149<br \/>\n\u2013 HRM: Harmonic Resonance Modulation\u00a9 149<br \/>\n\u2013 Intervista su HRM 161<br \/>\n\u2013 Musica, Stress e Benessere 165<br \/>\nBenefici del rilassamento e della meditazione 171<br \/>\n\u2013 Cosa succede quando ci rilassiamo 171<br \/>\n\u2013 Cosa succede quando meditiamo 173<br \/>\n\u2013 Effetti della Meditazione 175<br \/>\nCome utilizzare le sonorit\u00e0 Bwe 177<br \/>\nAltre tecniche subliminali 183<br \/>\nNoise (\u201cRumori\u201d) ed effetti psicoacustici 187<br \/>\n\u2013 I Noise pi\u00f9 comuni ed importanti 188<br \/>\n\u2013 Altri tipi di Noise: 194<br \/>\nNada Yoga, lo yoga del suono 197<br \/>\n\u2013 Chi sei? Te lo dice la tua voce 197<br \/>\n\u2013 Le principali categorie di suono nei Veda 198<br \/>\n\u2013 A ciascuno la sua nota 199<br \/>\n\u2013 La scala delle emozioni 199<br \/>\n\u2013 Conoscere se stessi 200<br \/>\n\u2013 Guarire con la musica 201<br \/>\n\u2013 Qual \u00e8 la tua melodia? 201<br \/>\nEffetto Mozart e Silent Sub technology 205<br \/>\n\u2013 La musica come abilit\u00e0 cognitiva 205<br \/>\n\u2013 Il linguaggio musicale 208<br \/>\n\u2013 Biologia del pensiero musicale 210<br \/>\n\u2013 Musica e intelligenza spazio-temporale 215<br \/>\n\u2013 L\u2019Effetto Mozart secondo \u201cParsifal\u201d 223<br \/>\n\u2013 L\u2019orecchio elettronico 226<br \/>\n\u2013 L\u2019Effetto Mozart secondo \u201cL\u2019altra Medicina\u201d 228<br \/>\n\u2013 Recensioni su Effetto Mozart 236<br \/>\n\u2013 La Silent Sub technology e l\u2019effetto Sub Mozart 242<br \/>\n\u2013 Grafici Effetto Mozart e Silent Sub technology 243<br \/>\n\u2013 Le mucche e le piante amano Mozart 245<br \/>\nTabelle 247<br \/>\n\u2013 Frequenze e note di alcuni organi e parti del corpo 247<br \/>\n\u2013 Frequenze, orbite e rotazioni dei nostri pianeti 248<br \/>\n\u2013 Chakra \u2013 Centri energetici del corpo 249<br \/>\n\u2013 Comparazione delle parti del corpo 250<br \/>\n\u2013 Nutrienti minerali per il corpo 251<br \/>\n\u2013 Ricerche con suoni sinusoidali 252<br \/>\n\u2013 Chakra e Camera di Risonanza 253<br \/>\n\u2013 Frequenze Brainwave e Stati mentali 254<br \/>\n\u2013 Frequenze sacre della guarigione 260<br \/>\nWebliografia e Links 261<br \/>\nBibliografia e Riferimenti 267<br \/>\nL\u2019autore e compilatore 279<br \/>\nAltre pubblicazioni 281<\/p>\n","protected":false},"excerpt":{"rendered":"<p>Questo testo \u00e8 un libro\/manuale sulla musica e le sonorit\u00e0 subliminali induttive con battimenti infrasonici e HRM. In questo libro si spiega che cosa sono e come funzionano le tecniche e le sonorit\u00e0 brainwave entrainment di induzione cerebrale benefica con battimenti infrasonici (BWE), pulsazioni, modulazioni impulsive, Effetto Mozart, HRM ecc&#8230;<\/p>\n<p><strong>Formato PDF <\/strong>in download (da questo sito)<\/p>\n<p><span style=\"color: #800000;\"><strong>(altri formati in descrizione)<\/strong><\/span><\/p>\n<div>\u00a0<\/div>\n","protected":false},"featured_media":16251,"template":"","meta":{"_lmt_disableupdate":"","_lmt_disable":""},"product_brand":[],"product_cat":[22],"product_tag":[20,21,79,80,23,26],"class_list":{"0":"post-13497","1":"product","2":"type-product","3":"status-publish","4":"has-post-thumbnail","6":"product_cat-libri-e-manuali","7":"product_tag-bwe","8":"product_tag-induzioni","9":"product_tag-musica","10":"product_tag-psiche","11":"product_tag-subliminale","12":"product_tag-suono","14":"first","15":"instock","16":"sale","17":"featured","18":"downloadable","19":"virtual","20":"sold-individually","21":"purchasable","22":"product-type-simple"},"_links":{"self":[{"href":"https:\/\/www.sublimen.com\/store\/wp-json\/wp\/v2\/product\/13497","targetHints":{"allow":["GET"]}}],"collection":[{"href":"https:\/\/www.sublimen.com\/store\/wp-json\/wp\/v2\/product"}],"about":[{"href":"https:\/\/www.sublimen.com\/store\/wp-json\/wp\/v2\/types\/product"}],"wp:featuredmedia":[{"embeddable":true,"href":"https:\/\/www.sublimen.com\/store\/wp-json\/wp\/v2\/media\/16251"}],"wp:attachment":[{"href":"https:\/\/www.sublimen.com\/store\/wp-json\/wp\/v2\/media?parent=13497"}],"wp:term":[{"taxonomy":"product_brand","embeddable":true,"href":"https:\/\/www.sublimen.com\/store\/wp-json\/wp\/v2\/product_brand?post=13497"},{"taxonomy":"product_cat","embeddable":true,"href":"https:\/\/www.sublimen.com\/store\/wp-json\/wp\/v2\/product_cat?post=13497"},{"taxonomy":"product_tag","embeddable":true,"href":"https:\/\/www.sublimen.com\/store\/wp-json\/wp\/v2\/product_tag?post=13497"}],"curies":[{"name":"wp","href":"https:\/\/api.w.org\/{rel}","templated":true}]}}