{"id":13361,"date":"2016-04-26T09:50:14","date_gmt":"2016-04-26T08:50:14","guid":{"rendered":"https:\/\/www.sublimen.com\/store\/?page_id=13361"},"modified":"2026-02-20T12:36:46","modified_gmt":"2026-02-20T11:36:46","slug":"informazioni","status":"publish","type":"page","link":"https:\/\/www.sublimen.com\/store\/informazioni\/","title":{"rendered":"Informazioni generali"},"content":{"rendered":"<p style=\"text-align: left;\">Sito realizzato e gestito da:<\/p>\n<p style=\"text-align: left;\"><strong><span style=\"font-size: 16px;\"><span style=\"font-size: 18px;\"> AmadeuX MultiMedia by Marco Stefanelli &amp; Co.<\/span><br \/>\n<\/span><\/strong><\/p>\n<p style=\"text-align: left;\"><span style=\"font-size: 16px;\">56033 Capannoli (Pisa) Italy &#8211; Via E. Berlinguer, 22<br \/>\n<\/span><span style=\"font-size: 16px;\">Tel.: (+39) 347.3000.281 &#8211; Fax: (+39) 0587.94.999.40<br \/>\n<\/span><span style=\"font-size: 16px;\">Email: <a href=\"mailto:info@amadeux.net\">info@amadeux.net<\/a> &#8211; Web: <a href=\"https:\/\/www.amadeux.net\" target=\"_blank\" rel=\"noopener noreferrer\">www.amadeux.net<\/a><\/span><\/p>\n<div style=\"text-align: left;\"><span style=\"font-size: 16px;\">\u00bb <a href=\"https:\/\/www.amadeux.net\/info.html\" target=\"_blank\" rel=\"noopener noreferrer\">ulteriori informazioni su AmadeuX MultiMedia<\/a><\/span><\/div>\n<div>\u00a0<\/div>\n<div><img loading=\"lazy\" decoding=\"async\" class=\"alignnone size-full wp-image-18006\" src=\"https:\/\/www.sublimen.com\/store\/wp-content\/uploads\/sublimen-adv.jpg\" alt=\"\" width=\"1180\" height=\"300\" title=\"\" srcset=\"https:\/\/www.sublimen.com\/store\/wp-content\/uploads\/sublimen-adv.jpg 1180w, https:\/\/www.sublimen.com\/store\/wp-content\/uploads\/sublimen-adv-300x76.jpg 300w, https:\/\/www.sublimen.com\/store\/wp-content\/uploads\/sublimen-adv-600x153.jpg 600w, https:\/\/www.sublimen.com\/store\/wp-content\/uploads\/sublimen-adv-1024x260.jpg 1024w, https:\/\/www.sublimen.com\/store\/wp-content\/uploads\/sublimen-adv-768x195.jpg 768w\" sizes=\"auto, (max-width: 1180px) 100vw, 1180px\" \/><\/div>\n<div>\u00a0<\/div>\n<h5><strong>Sito e Progetto<\/strong><\/h5>\n<div>Questo sito, facente parte del progetto multidisciplinare <strong>SubLimen<\/strong> ideato e realizzato da <a class=\"rvts4\" href=\"https:\/\/www.marcostefanelli.com\/\" target=\"_blank\" rel=\"noopener\">Marco Stefanelli<\/a> nel gennaio 2001, \u00e8 dedicato ai <strong>prodotti<\/strong> della <b>ricerca<\/b> e della <b>sperimentazione<\/b> in ambito sonoro e psiconeuroacustico olistico, audioterapeutico evolutivo e metamusicale benefico.<\/div>\n<div>\n<div>\u00a0<\/div>\n<\/div>\n<div class=\"rvps3\">\n<p>Il\u00a0<strong>Catalogo online<\/strong>\u00a0comprende solo alcuni prodotti di\u00a0<strong>uso generico<\/strong> poich\u00e9 la nostra principale attivit\u00e0 \u00e8 quella di sperimentazione e ricerca con conseguente naturale inclinazione alla personalizzazione degli elementi e dei contenuti sonori e induttivi in base alle esigenze peculiari e soggettive degli utilizzatori.<\/p>\n<p>Per\u00a0<strong>richiedere elementi personalizzati<\/strong> o peculiari utilizzate le informazioni presenti nell\u2019apposita <strong><a href=\"http:\/\/www.amadeux.net\/sublimen\/informazioni\/informazioni_ordini.html\" target=\"_blank\" rel=\"noopener noreferrer\">pagina<\/a><\/strong>.<\/p>\n<\/div>\n<div>\n<div class=\"rvps0\">Utilizziamo le pi\u00f9 moderne <b>tecniche\u00a0e\u00a0tecnologie soniche<\/b> e audioterapiche, integrate alle pi\u00f9 avanzate ed efficaci <a class=\"rvts4\" href=\"https:\/\/www.amadeux.net\/sublimen\/articoli\/brainwave-entrainment-history.html\" target=\"_blank\" rel=\"noopener\"><b>metodologie induttive<\/b><\/a>\u00a0ed in sinergia con la psiconeuroacustica pi\u00f9 avanzata e con le ancestrali <a class=\"rvts4\" href=\"https:\/\/it.wikipedia.org\/wiki\/Veda\" target=\"_blank\" rel=\"noopener\"><b>conoscenze vediche<\/b><\/a>\u00a0ed esoteriche in materia.<\/div>\n<p><\/p>\n<div class=\"rvps0\"><span class=\"rvts168\">L&#8217;<\/span><span class=\"rvts168\"><b>obiettivo<\/b><\/span><span class=\"rvts168\">\u00a0non \u00e8 solo quello di\u00a0<\/span><span class=\"rvts168\"><b>alleviare<\/b><\/span><span class=\"rvts168\">\u00a0e\u00a0<\/span><span class=\"rvts168\"><b>curare<\/b><\/span><span class=\"rvts168\">\u00a0disturbi, disagi e patologie, ma anche quello di stimolare e sviluppare le\u00a0<\/span><span class=\"rvts168\"><b>facolt\u00e0 superiori<\/b><\/span><span class=\"rvts168\"> latenti e di conseguenza <strong>espandere<\/strong> ed <strong>elevare<\/strong> la coscienza per trasformarla da uno stadio ordinario ad uno stadio pi\u00f9 evoluto di consapevolezza denominato &#8220;<\/span><a class=\"rvts172\" href=\"https:\/\/it.wikipedia.org\/wiki\/Tur%C4%ABya\" target=\"_blank\" rel=\"noopener\"><b>supercoscienza<\/b><\/a><span class=\"rvts168\">&#8220;.<\/span><\/div>\n<\/div>\n<div>\u00a0<\/div>\n<div><\/p>\n<p><img loading=\"lazy\" decoding=\"async\" class=\"wp-image-14703 aligncenter\" src=\"https:\/\/www.sublimen.com\/store\/wp-content\/uploads\/IMG_0146m2.jpg\" alt=\"\" width=\"900\" height=\"504\" title=\"\"><\/p>\n<hr \/>\n<p style=\"text-align: center;\"><span style=\"font-size: 16px;\"><a href=\"https:\/\/www.sublimen.com\/store\/condizioni-di-vendita\/\">Condizioni di Vendita e Pagamenti<\/a> | <a href=\"https:\/\/www.sublimen.com\/store\/spedizioni-e-resi\/\">Spedizioni e Resi<\/a><\/span><\/p>\n<hr \/>\n<h5><strong>AudioTerapia<\/strong><\/h5>\n<p><strong><span class=\"citation-0\">Audio<\/span><\/strong><span class=\"citation-0\"> (dal latino <\/span><em><span class=\"citation-0\">audio<\/span><\/em><span class=\"citation-0 citation-end-0\"> = sento, ascolto) \u00e8 tutto ci\u00f2 che riguarda l&#8217;udito, l&#8217;acustica e l&#8217;informazione elettronica che rappresenta il suono in<\/span> generale. In altre parole, <strong>l&#8217;audio \u00e8 qualsiasi cosa che possiamo ascoltare<\/strong>, dalla voce umana ai rumori ambientali, fino alla musica.<\/p>\n<p>Per\u00a0<strong>Audioterapia\u00a0<\/strong>intendiamo quella disciplina olistica che utilizza un qualsiasi tipo di sonorit\u00e0 del campo audio grossolano, sottile e causale (suoni, rumori,\u00a0<a href=\"http:\/\/www.amadeux.net\/sublimen\/dossier\/noise_ed_effetti.html\" target=\"_blank\" rel=\"noopener noreferrer\">noise<\/a>,\u00a0<a href=\"http:\/\/www.amadeux.net\/sublimen\/articoli\/asmr.html\" target=\"_blank\" rel=\"noopener noreferrer\">ASMR<\/a>, musica, metamusica, voce, strumenti musicali, vibrazioni ecc.) e un qualsiasi tipo di struttura sonora (convenzionale, naturale,\u00a0<a href=\"http:\/\/www.amadeux.net\/sublimen\/dossier\/frattali_musica_natura_e_arte.html\" target=\"_blank\" rel=\"noopener noreferrer\">frattale<\/a>, metafisica ecc.) per scopi terapeutici ed evolutivi: il ristabilimento, il mantenimento e il miglioramento della salute mentale, fisica, energetica e spirituale. In pratica l&#8217;audioterapia comprende tutte le tecniche e le discipline che utilizzano il suono per scopi benefici tra cui la musicoterapia, la suonoterapia e la fonoterapia.<\/p>\n<p>&nbsp;<\/p>\n<h5><strong>CD Audio format<\/strong><\/h5>\n<p><strong>CD Audio Multimediale Standard Extra<\/strong>:\u00a0CD Extra, noto anche come <strong>Enhanced CD<\/strong> e <strong>CD Plus<\/strong>, \u00e8 un marchio di certificazione della Recording Industry Association of America per le varie tecnologie che combinano audio e dati informatici per l&#8217;utilizzo con entrambi i lettori, CD-Audio e CD-ROM.<br \/>\n<span class=\"rvts8\" style=\"color: #800000;\"><span class=\"rvts8\" style=\"font-size: 12px;\"><span style=\"font-size: 14px;\"><span class=\"rvts8\">Questo formato \u00e8 disponibile su ordinazione: preparazione in 2\/3 giorni lavorativi, masterizzazione professionale (Sony, Teac) su supporti di alta qualit\u00e0 (TDK, Sony, Verbatim).<\/span><\/span><\/span><br \/>\n<\/span><\/p>\n<p>&nbsp;<\/p>\n<h5><strong>File MP3 format<\/strong><\/h5>\n<p><strong>MP3<\/strong>: (per esteso Moving Picture Expert Group-1\/2 Audio Layer 3, noto anche come MPEG-1 Audio Layer III o MPEG-2 Audio Layer III) \u00e8 un algoritmo di compressione audio di tipo lossy (perdita di dati), sviluppato dal gruppo MPEG, in grado di ridurre drasticamente la quantit\u00e0 di dati richiesti per memorizzare un suono, rimanendo comunque una riproduzione accettabilmente fedele del file originale non compresso.<br \/>\nN.B. Il formato MP3 a 320Kbps CBR \u00e8 considerato equivalente al VBR a 240Kbps ai fini che ci prefiggiamo in questo sito.<\/p>\n<p>&nbsp;<\/p>\n<h5><strong>Note e Indicazioni<\/strong><\/h5>\n<p><span style=\"color: #800000;\"><b>I files MP3 e PDF scaricabili (download) da questo sito vengono gestiti e scaricati (dopo verifica pagamento) dal proprio <a href=\"\/store\/account\/\">Account<\/a>. <span class=\"rvts72\" style=\"color: #800000;\">Se non siete utenti registrati riceverete il link per il download via email.<br \/>\n<span style=\"color: #ff0000;\">(Se si utilizza una email di gmail.com, hotmail.com e simili controllare anche la cartella SPAM.)<\/span><br \/>\n<\/span><\/b><\/span>Se il pagamento avviene tramite Paypal\/Carte di Credito la verifica e il download sono immediati.<\/p>\n<div class=\"rvps0\"><span style=\"color: #800000;\"><strong>Attenzione<\/strong>: I dispositivi mobili <strong>Apple iPad, iPod e iPhone<\/strong> non consentono di scaricare e salvare i files\/brani direttamente da pagine web o email. Se avete uno di questi dispositivi \u00e8 necessario salvare prima i files\/brani su un PC o Mac, quindi utilizzare il software iTunes (o simili) dal computer per aggiungere i files\/brani al dispositivo.<br \/>\n<\/span><\/div>\n<div>\u00a0<\/div>\n<div>Per motivi di sicurezza i file in download hanno una <strong>scadenza<\/strong> dopo 7 giorni e un <strong>numero limite<\/strong> di 7 scaricamenti\/download.<\/div>\n<div>\u00a0<\/div>\n<div>Se avete <strong>dubbi <\/strong>o <strong>domande <\/strong>o se volete utilizzare la\u00a0<strong>Partita IVA<\/strong>\u00a0scriveteci o telefonateci\u00a0prima di effettuare ordini, vi daremo indicazioni su come procedere.<\/div>\n<div>\u00a0<\/div>\n<div class=\"rvps0\">\n<p>L&#8217;accesso all&#8217; <strong><a href=\"https:\/\/www.sublimen.com\/login\/\" target=\"_blank\" rel=\"noopener noreferrer\">area riservata<\/a><\/strong> (dove \u00e8 possibile scaricare nei vari formati: manuali, addendum, copertine, booklet, digest, demo, software, ecc.) \u00e8 riservato a chi ha acquistato almeno un Album completo.<\/p>\n<p><strong>Altri ALBUM e Brani <\/strong>di musica, suoni e sonorit\u00e0, video, filmati e software subliminale con Manuali e Addendum sono<strong> in preparazione <\/strong>e saranno disponibili a breve. Nel frattempo fateci sapere quali sono le vostre impressioni e se siete interessati a qualcosa in particolare (<a href=\"mailto:info@amadeux.net\" target=\"_blank\" rel=\"noopener noreferrer\">Email<\/a> &#8211; <a href=\"http:\/\/www.amadeux.net\/sublimen\/informazioni\/contatti.html\" target=\"_blank\" rel=\"noopener noreferrer\">Modulo<\/a> &#8211; <a href=\"http:\/\/www.amadeux.it\/forum\/\" target=\"_blank\" rel=\"noopener noreferrer\">Forum<\/a>).<\/p>\n<div>\n<p>E&#8217; possibile prenotare e richiedere <strong>sonorit\u00e0 ed elementi personalizzati<\/strong> su preventivo,<\/p>\n<\/div>\n<div>\n<p>i campi di applicazione sono:<\/p>\n<\/div>\n<div>&#8211; Rilassamento e Stress;<\/div>\n<div>&#8211; Sincronizzazione emisferica cerebrale;<\/div>\n<div>&#8211; Insonnia e riduzione del fabbisogno di sonno;<\/div>\n<div>&#8211; Apprendimento, Memoria, Concentrazione e Attenzione vigile;<\/div>\n<div>&#8211; Mal di testa, Emicrania, Cefalee e Tossicodipendenze;<\/div>\n<div>&#8211; Meditazione, Yoga, ASMR e Training autogeno;<\/div>\n<div>&#8211; Depressione ed Ansia;<\/div>\n<div>&#8211; Ipnosi ed Autoipnosi;<\/div>\n<div>&#8211; Acufeni, Tinnitus e TRT;<\/div>\n<div>&#8211; Creativit\u00e0 ed incremento delle funzioni intuitive e logiche;<\/div>\n<div>&#8211; Programmazione Neuro Linguistica e tecniche affini;<\/div>\n<div class=\"rvps0\">\n<p>&#8211; Sogni lucidi, Viaggi astrali ed extracorporei.<\/p>\n<p>Il Software, la Musica, la Visione, i Filmati e le sonorit\u00e0 subliminali benefiche da noi realizzati sono quasi interamente generati ed elaborati da software di produzione <a href=\"http:\/\/www.amadeux.net\/\" target=\"_blank\" rel=\"noopener noreferrer\">Amadeux Multimedia<\/a>.<\/p>\n<p>&nbsp;<\/p>\n<\/div>\n<p><img loading=\"lazy\" decoding=\"async\" class=\"aligncenter size-full wp-image-18230\" src=\"https:\/\/www.sublimen.com\/store\/wp-content\/uploads\/2025\/12\/Marco-in-studioreg-2d58dfdr.jpg\" alt=\"\" width=\"1344\" height=\"695\" title=\"\" srcset=\"https:\/\/www.sublimen.com\/store\/wp-content\/uploads\/2025\/12\/Marco-in-studioreg-2d58dfdr.jpg 1344w, https:\/\/www.sublimen.com\/store\/wp-content\/uploads\/2025\/12\/Marco-in-studioreg-2d58dfdr-300x155.jpg 300w, https:\/\/www.sublimen.com\/store\/wp-content\/uploads\/2025\/12\/Marco-in-studioreg-2d58dfdr-1024x530.jpg 1024w, https:\/\/www.sublimen.com\/store\/wp-content\/uploads\/2025\/12\/Marco-in-studioreg-2d58dfdr-768x397.jpg 768w, https:\/\/www.sublimen.com\/store\/wp-content\/uploads\/2025\/12\/Marco-in-studioreg-2d58dfdr-600x310.jpg 600w\" sizes=\"auto, (max-width: 1344px) 100vw, 1344px\" \/><\/p>\n<div class=\"rvps0\">\n<p>&nbsp;<\/p>\n<\/div>\n<h5 class=\"rvps1\"><strong><span class=\"cfont\" data-size=\"24\">Finalit\u00e0<\/span><\/strong><\/h5>\n<div class=\"rvps0\">\n<p><span class=\"rvts168\">Lo scopo della vendita dei nostri prodotti \u00e8 quello di <\/span><span class=\"rvts168\"><b>autofinanziare<\/b><\/span><span class=\"rvts168\"> la ricerca sulle tecniche sonore benefiche, il software, la musica, i suoni e la visione subliminale positiva e di diffondere queste tecniche nel mondo, in particolar modo in <\/span><span class=\"rvts168\"><b>Italia<\/b><\/span><span class=\"rvts168\">. Inoltre, una parte dei ricavati dalla vendita e dalle donazioni saranno devoluti in<\/span><span class=\"rvts168\"><b> beneficenza<\/b><\/span><span class=\"rvts168\">. I primi introiti saranno devoluti a:<\/span><\/p>\n<p><b>Karuna Home<\/b><span class=\"rvts168\">, associazione no-profit (organizzazione senza scopo di lucro) che si occupa della raccolta di fondi per progetti di aiuto ai <\/span><span class=\"rvts168\"><b>bambini disabili<\/b><\/span><span class=\"rvts168\">.<br \/>\n(Karuna Home <\/span><span class=\"rvts168\"><b>&#8211; <\/b><\/span><span class=\"rvts168\">Via Wiligelmo, 28 &#8211; 41012 Carpi (Modena) &#8211; Tel. +39 059 641959<\/span><span class=\"rvts168\">).<\/span><\/p>\n<\/div>\n<div class=\"rvps0\">\n<p><b>Gaden Chokor onlus<\/b><span class=\"rvts168\">, associazione o.n.l.u.s. (organizzazione non lucrativa di utilita&#8217; sociale)\u00a0 che si\u00a0 propone di preservare le radici della tradizione spirituale e della cultura del <\/span><span class=\"rvts168\"><b>Tibet<\/b><\/span><span class=\"rvts168\">,<\/span><span class=\"rvts168\">della raccolta di fondi per progetti di aiuto e di <\/span><span class=\"rvts168\"><b>supporto ai Lama reincarnati e riconosciuti<\/b><\/span><span class=\"rvts168\"> (&#8220;piccoli&#8221; Buddha) dalla fase preliminare di riconoscimento a quella successiva di studio, in tutto l\u2019arco della loro vita.<br \/>\n(Gaden Chokor onlus &#8211; 56040 Pomaia (Pisa) Italy &#8211; Via Poggiberna, 9<\/span><span class=\"rvts168\">).<\/span><\/p>\n<\/div>\n<div class=\"rvps0\">\n<p><b>Isvara<\/b> <span class=\"rvts168\"><b>Inc<\/b><\/span><span class=\"rvts168\">., organizzazione no-profit <\/span>riconosciuta dal Dipartimento di Stato Americano <span class=\"rvts168\">che si occupa della diffusione del Bhakti Yoga e della Cultura vedica.<br \/>\n(<\/span>sede legale a San Juan &#8211; Puerto Rico (Usa). s<span class=\"rvts168\">ito web: <\/span><a class=\"rvts172\" href=\"http:\/\/www.isvara.org\" target=\"_blank\" rel=\"noopener noreferrer\">www.isvara.org<\/a><span class=\"rvts168\">).<\/span><\/p>\n<\/div>\n<div class=\"rvps0\">\n<p><b>KidAid<\/b><span class=\"rvts168\">, associazione di volontariato no-profit che si occupa della raccolta di fondi per progetti di aiuto ai <\/span><span class=\"rvts168\"><b>bambini<\/b><\/span><span class=\"rvts168\"> esuli tibetani.<br \/>\n(KidAid &#8211; Via Friuli 86 &#8211; 20122 Milano<\/span><span class=\"rvts168\">).<\/span><\/p>\n<\/div>\n<div class=\"rvps0\">\n<p>ed <span class=\"rvts168\"><b>altre associazioni no-profit e onlus <\/b><\/span><span class=\"rvts168\">selezionate e scelte accuratamente dal nostro staff.<\/span><\/p>\n<p><span class=\"rvts168\">La nostra non \u00e8 un&#8217;azienda commerciale ma un&#8217;attivit\u00e0 privata di ricerca e sperimentazione autofinanziata senza scopo di lucro <\/span>(se non per auto-sostentamento)<span class=\"rvts168\">, <\/span><span class=\"rvts168\"><b>sosteneteci anche con una vostra <\/b><\/span><a class=\"rvts172\" href=\"http:\/\/www.amadeux.net\/paypal\/dona.htm\" target=\"_blank\" rel=\"noopener noreferrer\"><b>libera donazione<\/b><\/a><span class=\"rvts168\"><b>!<\/b><\/span><span class=\"rvts168\"> Riceverete in regalo un brano audio HRM scaricabile in formato MP3 ad alta risoluzione &gt;&gt; <\/span><a class=\"rvts172\" href=\"http:\/\/www.amadeux.net\/paypal\/dona.htm\" target=\"_blank\" rel=\"noopener noreferrer\">https:\/\/www.amadeux.net\/paypal\/dona.htm<\/a><span class=\"rvts168\">.<\/span><\/p>\n<p><span class=\"rvts168\">SubLimen.com e Amadeux MultiMedia network operano in armonia con l&#8217;<\/span><span class=\"rvts168\"><b>Ordine Etico <\/b><\/span><span class=\"rvts168\"><b>Naturale Universale<\/b><\/span><span class=\"rvts168\">\u00a0(<\/span><a class=\"rvts172\" href=\"http:\/\/it.wikipedia.org\/wiki\/Dharma\" target=\"_blank\" rel=\"noopener noreferrer\">Dharma<\/a><span class=\"rvts168\">).<\/span><\/p>\n<p>&nbsp;<\/p>\n<\/div>\n<p><img loading=\"lazy\" decoding=\"async\" class=\" wp-image-16019 aligncenter\" src=\"https:\/\/www.sublimen.com\/store\/wp-content\/uploads\/amadeux_multimedia_30966610168_6567c87055_o.jpg\" alt=\"\" width=\"967\" height=\"417\" title=\"\"><\/p>\n<p>&nbsp;<\/p>\n<div class=\"rvps0\">\n<h5 class=\"rvps1\"><strong><span class=\"cfont\" data-size=\"24\">Disclaimer e Avvertenze<\/span><\/strong><\/h5>\n<div class=\"rvps0\">\n<p>Le tracce audio, le informazioni del sito, il software e le tecniche contenute nei CD\/DVD e nei Manuali hanno puro carattere informativo, divulgativo e palliativo, non &#8220;terapeutico&#8221; o &#8220;psicologico&#8221; e non intendono sostituirsi alle comuni terapie mediche. <span style=\"color: #800000;\"><strong>In nessun modo i creatori e i gestori del sito sono da ritenere responsabili del loro utilizzo proprio o improprio<\/strong><\/span>.<\/p>\n<\/div>\n<div class=\"rvps0\">\n<p>Nel caso desideriate un consiglio particolare, o se le vostre domande non hanno trovato risposta nelle pagine del sito o nei manuali, non abbiate timore, il nostro <a class=\"rvts172\" href=\"mailto:info@sublimen.com\">Customer Service<\/a><span class=\"rvts168\"> \u00e8 sempre a vostra disposizione per assistervi su qualsiasi punto che non sia del tutto chiaro: basta inviarci un e-mail all&#8217;indirizzo <\/span><a class=\"rvts172\" href=\"mailto:info@sublimen.com\">info@sublimen.com<\/a><span class=\"rvts168\"> e nel giro di poche ore riceverete una e-mail o una telefonata di risposta.<\/span><\/p>\n<p>La nostra non \u00e8 un&#8217;azienda commerciale ma un&#8217;attivit\u00e0 privata di ricerca e sperimentazione autofinanziata e senza scopo di lucro. Se avete dubbi o domande o se volete utilizzare la\u00a0<b>Partita IVA<\/b>\u00a0scriveteci o telefonateci\u00a0prima di effettuare ordini, vi daremo indicazioni su come procedere.<\/p>\n<p>&nbsp;<\/p>\n<p><img loading=\"lazy\" decoding=\"async\" class=\"size-full wp-image-16010 aligncenter\" src=\"https:\/\/www.sublimen.com\/store\/wp-content\/uploads\/Best-Audio-Tech.jpg\" alt=\"\" width=\"960\" height=\"350\" title=\"\"><\/p>\n<\/div>\n<\/div>\n<div>\u00a0<\/div>\n<div>\n<h5><strong>Tecnologie e Copyright<\/strong><\/h5>\n<\/div>\n<div><span class=\"rvts168\">Utilizziamo le\u00a0<\/span><span class=\"rvts168\"><b>migliori tecnologie<\/b><\/span><span class=\"rvts168\">\u00a0e tecniche di produzione audio allo stato dell&#8217;arte e facciamo\u00a0<\/span><span class=\"rvts168\"><b>continua ricerca e sperimentazione<\/b><\/span><span class=\"rvts168\">\u00a0per stabilire quali siano le sonorit\u00e0 e le tecniche di induzione pi\u00f9\u00a0<\/span><span class=\"rvts168\"><b>performanti ed efficaci<\/b><\/span><span class=\"rvts168\">\u00a0nel momento in cui realizziamo un progetto sonoro generico o personalizzato.<\/span><\/div>\n<div>\u00a0<\/div>\n<div class=\"rvps0\">\n<div class=\"rvps0\"><span class=\"rvts72\"><b>Tutti i brani audio\/video e i file PDF del Catalogo sono Copyright (C) &amp; (P) by Amadeux Multimedia.<\/b><\/span><\/div>\n<div class=\"rvps0\"><span class=\"rvts72\">Tutti i brani\/file audio\/video e i file PDF scaricabili e su supporto fisico sono concessi esclusivamente ad uso privato e personale. Sono riservati tutti i diritti salvo specifiche e particolari autorizzazioni.<\/span><\/div>\n<div class=\"rvps0\">\n<p><span class=\"rvts72\">Sono vietati la duplicazione, il noleggio e la pubblica diffusione con qualsiasi mezzo non autorizzati.<\/span><\/p>\n<p>Questo sito utilizza <a class=\"rvts76\" href=\"http:\/\/it.wikipedia.org\/wiki\/Cookie\" target=\"_blank\" rel=\"noopener noreferrer\">Cookie<\/a> tecnici per fornire un miglior servizio di navigazione.<br \/>\nQuesto sito pu\u00f2 utilizzare Cookie di terze parti per finalit\u00e0 analitiche e di advertising, vedi <a class=\"rvts4\" href=\"https:\/\/www.google.it\/intl\/it\/policies\/privacy\/\" target=\"_blank\" rel=\"noopener noreferrer\">Google Privacy<\/a>.<br \/>\n<span class=\"rvts72\">Questo sito non utilizza Cookie proprietari per finalit\u00e0 di profilazione e di web-marketing.<\/span><\/p>\n<\/div>\n<div class=\"rvps0\">\n<p>Vedi anche <a class=\"rvts76\" href=\"http:\/\/www.amadeux.net\/sublimen\/copyright.html\" target=\"_blank\" rel=\"noopener noreferrer\">Copyright &amp; Privacy<\/a><span class=\"rvts72\">.<\/span><\/p>\n<p>&nbsp;<\/p>\n<\/div>\n<p style=\"text-align: center;\"><span style=\"font-size: 20px;\"><a href=\"https:\/\/www.sublimen.com\/store\/condizioni-di-vendita\/\">Condizioni di Vendita e Pagamenti<\/a> | <a href=\"https:\/\/www.sublimen.com\/store\/spedizioni-e-resi\/\">Spedizioni e Resi<\/a><\/span><\/p>\n<p>&nbsp;<\/p>\n<\/div>\n<\/div>\n<\/div>\n","protected":false},"excerpt":{"rendered":"<p>Sito realizzato e gestito da: AmadeuX MultiMedia by Marco Stefanelli &amp; Co. 56033 Capannoli (Pisa) Italy &#8211; Via E. Berlinguer, 22 Tel.: (+39) 347.3000.281 &#8211; Fax: (+39) 0587.94.999.40 Email: info@amadeux.net &#8211; Web: www.amadeux.net \u00bb ulteriori informazioni su AmadeuX MultiMedia \u00a0 \u00a0 Sito e Progetto Questo sito, facente parte del progetto multidisciplinare SubLimen ideato e realizzato da Marco Stefanelli nel gennaio 2001, \u00e8 dedicato ai prodotti della ricerca e della sperimentazione in ambito sonoro e psiconeuroacustico olistico, audioterapeutico evolutivo e metamusicale &hellip; <a class=\"kt-excerpt-readmore\" href=\"https:\/\/www.sublimen.com\/store\/informazioni\/\" aria-label=\"Informazioni generali\">Continua a leggere<\/a><\/p>\n","protected":false},"author":1,"featured_media":16278,"parent":0,"menu_order":0,"comment_status":"closed","ping_status":"closed","template":"page-sidebar.php","meta":{"_lmt_disableupdate":"","_lmt_disable":"","footnotes":""},"class_list":["post-13361","page","type-page","status-publish","has-post-thumbnail","hentry"],"_links":{"self":[{"href":"https:\/\/www.sublimen.com\/store\/wp-json\/wp\/v2\/pages\/13361","targetHints":{"allow":["GET"]}}],"collection":[{"href":"https:\/\/www.sublimen.com\/store\/wp-json\/wp\/v2\/pages"}],"about":[{"href":"https:\/\/www.sublimen.com\/store\/wp-json\/wp\/v2\/types\/page"}],"author":[{"embeddable":true,"href":"https:\/\/www.sublimen.com\/store\/wp-json\/wp\/v2\/users\/1"}],"replies":[{"embeddable":true,"href":"https:\/\/www.sublimen.com\/store\/wp-json\/wp\/v2\/comments?post=13361"}],"version-history":[{"count":8,"href":"https:\/\/www.sublimen.com\/store\/wp-json\/wp\/v2\/pages\/13361\/revisions"}],"predecessor-version":[{"id":18305,"href":"https:\/\/www.sublimen.com\/store\/wp-json\/wp\/v2\/pages\/13361\/revisions\/18305"}],"wp:featuredmedia":[{"embeddable":true,"href":"https:\/\/www.sublimen.com\/store\/wp-json\/wp\/v2\/media\/16278"}],"wp:attachment":[{"href":"https:\/\/www.sublimen.com\/store\/wp-json\/wp\/v2\/media?parent=13361"}],"curies":[{"name":"wp","href":"https:\/\/api.w.org\/{rel}","templated":true}]}}